{"id":95,"date":"2018-11-16T17:23:11","date_gmt":"2018-11-16T16:23:11","guid":{"rendered":"http:\/\/icaif.org\/?page_id=95"},"modified":"2026-02-19T22:08:23","modified_gmt":"2026-02-19T21:08:23","slug":"le-scalaire-du-centre","status":"publish","type":"page","link":"https:\/\/icaif.org\/index.php\/clubs-affilies\/le-scalaire-du-centre\/","title":{"rendered":"Le Scalaire du Centre (La Louvi\u00e8re)"},"content":{"rendered":"<p style=\"text-align: center;\"><img loading=\"lazy\" decoding=\"async\" class=\"alignnone wp-image-3135 size-medium\" src=\"https:\/\/icaif.org\/wp-content\/uploads\/2025\/01\/Logo-SdC-2025-274x300.jpg\" alt=\"\" width=\"274\" height=\"300\" srcset=\"https:\/\/icaif.org\/wp-content\/uploads\/2025\/01\/Logo-SdC-2025-274x300.jpg 274w, https:\/\/icaif.org\/wp-content\/uploads\/2025\/01\/Logo-SdC-2025-600x656.jpg 600w, https:\/\/icaif.org\/wp-content\/uploads\/2025\/01\/Logo-SdC-2025-936x1024.jpg 936w, https:\/\/icaif.org\/wp-content\/uploads\/2025\/01\/Logo-SdC-2025-768x840.jpg 768w, https:\/\/icaif.org\/wp-content\/uploads\/2025\/01\/Logo-SdC-2025-1405x1536.jpg 1405w, https:\/\/icaif.org\/wp-content\/uploads\/2025\/01\/Logo-SdC-2025-465x508.jpg 465w, https:\/\/icaif.org\/wp-content\/uploads\/2025\/01\/Logo-SdC-2025-457x500.jpg 457w, https:\/\/icaif.org\/wp-content\/uploads\/2025\/01\/Logo-SdC-2025-283x310.jpg 283w, https:\/\/icaif.org\/wp-content\/uploads\/2025\/01\/Logo-SdC-2025-96x105.jpg 96w, https:\/\/icaif.org\/wp-content\/uploads\/2025\/01\/Logo-SdC-2025.jpg 1700w\" sizes=\"auto, (max-width: 274px) 100vw, 274px\" \/><\/p>\n<p>Local : Athen\u00e9e de La Louvi\u00e8re, Boulevard du Tivoli,1A \/ B-7100 La Louvi\u00e8re<br \/>R\u00e9unions : le 1<sup><span style=\"font-size: small;\">er<\/span><\/sup> ou 2<sup><span style=\"font-size: small;\">\u00e8me<\/span><\/sup> samedi du mois \u00e0 15h30<\/p>\n<p>Pr\u00e9sident :<\/p>\n<ul>\n<li>DEMAT Rony +32(0)476 20 17 18\u00a0 <a href=\"demat.rony@gmail.com\">demat.rony@gmail.com<\/a><\/li>\n<\/ul>\n<p>Vice-pr\u00e9sidente:<\/p>\n<ul>\n<li>DEUDON B\u00e9atrice<\/li>\n<\/ul>\n<p>Vice-pr\u00e9sident:<\/p>\n<ul>\n<li>MOUCHERON Marc <a href=\"marc.moucheron27@hotmail.com\">marc.moucheron27@hotmail.com<\/a><\/li>\n<\/ul>\n<p>Secr\u00e9taire :<\/p>\n<ul>\n<li>LEROY Cathy+32(0)64 22 13 70 <a href=\"13cathy.leroy@gmail.com\">13cathy.leroy@gmail.com<\/a><\/li>\n<\/ul>\n<p>Tr\u00e9sori\u00e8re :<\/p>\n<ul>\n<li>MARY Viviane+32(0)67 48 53 02<\/li>\n<\/ul>\n<p>Tr\u00e9sorier adjoint et repr\u00e9sentant IC :<\/p>\n<ul>\n<li>SIRJACQ Serge\u00a0<a href=\"sirjacq.serge@hotmail.com\">sirjacq.serge@hotmail.com<\/a><\/li>\n<\/ul>\n<div id=\"ConnectiveDocSignExtentionInstalled\" data-extension-version=\"1.0.4\"><a href=\"https:\/\/www.facebook.com\/Le-Scalaire-Du-Centre\">https:\/\/www.facebook.com\/Le-Scalaire-Du-Centre<\/a><\/div>\n\n\n<p><\/p>\n","protected":false},"excerpt":{"rendered":"<p>Local : Athen\u00e9e de La Louvi\u00e8re, Boulevard du Tivoli,1A \/ B-7100 La Louvi\u00e8reR\u00e9unions : le 1er ou 2\u00e8me samedi du mois \u00e0 15h30 Pr\u00e9sident : DEMAT Rony +32(0)476 20 17 18\u00a0 demat.rony@gmail.com Vice-pr\u00e9sidente: DEUDON B\u00e9atrice Vice-pr\u00e9sident: MOUCHERON Marc marc.moucheron27@hotmail.com Secr\u00e9taire : LEROY Cathy+32(0)64 22 13 70 13cathy.leroy@gmail.com Tr\u00e9sori\u00e8re : MARY<span class=\"more-link\"><a href=\"https:\/\/icaif.org\/index.php\/clubs-affilies\/le-scalaire-du-centre\/\">En savoir +<\/a><\/span><\/p>\n","protected":false},"author":1,"featured_media":0,"parent":42,"menu_order":12,"comment_status":"closed","ping_status":"closed","template":"","meta":{"footnotes":""},"class_list":["entry","author-admin7729","post-95","page","type-page","status-publish"],"_links":{"self":[{"href":"https:\/\/icaif.org\/index.php\/wp-json\/wp\/v2\/pages\/95","targetHints":{"allow":["GET"]}}],"collection":[{"href":"https:\/\/icaif.org\/index.php\/wp-json\/wp\/v2\/pages"}],"about":[{"href":"https:\/\/icaif.org\/index.php\/wp-json\/wp\/v2\/types\/page"}],"author":[{"embeddable":true,"href":"https:\/\/icaif.org\/index.php\/wp-json\/wp\/v2\/users\/1"}],"replies":[{"embeddable":true,"href":"https:\/\/icaif.org\/index.php\/wp-json\/wp\/v2\/comments?post=95"}],"version-history":[{"count":11,"href":"https:\/\/icaif.org\/index.php\/wp-json\/wp\/v2\/pages\/95\/revisions"}],"predecessor-version":[{"id":3348,"href":"https:\/\/icaif.org\/index.php\/wp-json\/wp\/v2\/pages\/95\/revisions\/3348"}],"up":[{"embeddable":true,"href":"https:\/\/icaif.org\/index.php\/wp-json\/wp\/v2\/pages\/42"}],"wp:attachment":[{"href":"https:\/\/icaif.org\/index.php\/wp-json\/wp\/v2\/media?parent=95"}],"curies":[{"name":"wp","href":"https:\/\/api.w.org\/{rel}","templated":true}]}}