{"id":92,"date":"2018-11-16T17:22:22","date_gmt":"2018-11-16T16:22:22","guid":{"rendered":"http:\/\/icaif.org\/?page_id=92"},"modified":"2026-02-19T21:43:40","modified_gmt":"2026-02-19T20:43:40","slug":"le-pristella","status":"publish","type":"page","link":"https:\/\/icaif.org\/index.php\/clubs-affilies\/le-pristella\/","title":{"rendered":"Le Pristella (Ch\u00e2telet)"},"content":{"rendered":"<p style=\"text-align: center;\"><img loading=\"lazy\" decoding=\"async\" class=\"size-medium wp-image-279 aligncenter\" src=\"https:\/\/icaif.org\/wp-content\/uploads\/2018\/11\/Pristella-HD-300x242.jpg\" alt=\"\" width=\"300\" height=\"242\" srcset=\"https:\/\/icaif.org\/wp-content\/uploads\/2018\/11\/Pristella-HD-300x242.jpg 300w, https:\/\/icaif.org\/wp-content\/uploads\/2018\/11\/Pristella-HD-600x485.jpg 600w, https:\/\/icaif.org\/wp-content\/uploads\/2018\/11\/Pristella-HD.jpg 698w\" sizes=\"auto, (max-width: 300px) 100vw, 300px\" \/><\/p>\n<p>Local : Rue Cour Lyon, 2 \u00a0\/ B-6200 Chatelet\/ B-6200 Ch\u00e2telet<br \/>\nR\u00e9unions : les 1<sup><span style=\"font-size: small;\">er<\/span><\/sup> et 3<sup><span style=\"font-size: small;\">\u00e8me<\/span><\/sup> mardis du mois \u00e0 19h<br \/>\n<u><br \/>\n<\/u>Pr\u00e9sident :<\/p>\n<ul>\n<li>JOURET Christian +32(0)71 39 09 59 <a href=\"mailto:christian.jouret@skynet.be\">christian.jouret@skynet.be<\/a><\/li>\n<\/ul>\n<p>Vice-pr\u00e9sident:<\/p>\n<ul>\n<li>GOSSELIN Jean-Fran\u00e7ois +32(0)67 21 47 19 <a href=\"jfg.nivelles@gmail.com\">jfg.nivelles@gmail.com<\/a><\/li>\n<\/ul>\n<p>Tr\u00e9sorier :<\/p>\n<ul>\n<li>DEFRENE Jacques +32(0)495 36 31 51 <a href=\"mailto:fleursdecos@gmail.com\">fleursdecos@gmail.com<\/a><\/li>\n<\/ul>\n<p>Secr\u00e9taire et repr\u00e9sentant IC :<\/p>\n<ul>\n<li>TOUSSAINT Edouard +32(0)473 97 23 61 <a href=\"edouard.toussaint@hotmail.com\">edouard.toussaint@hotmail.com<\/a><\/li>\n<\/ul>\n<p>Administrateur:<\/p>\n<ul>\n<li>VANDEN-BOSSCHE Jean +32(0)495 92 63 65 <a href=\"tatayet123@gmail.com\">tatayet123@gmail.com<\/a><\/li>\n<\/ul>\n<p>Site internet : <u><a href=\"http:\/\/www.pristella.be\" target=\"_blank\" rel=\"noopener\">www.pristella.be<\/a><\/u><\/p>\n<div id=\"ConnectiveDocSignExtentionInstalled\" data-extension-version=\"1.0.4\"><\/div>\n","protected":false},"excerpt":{"rendered":"<p>Local : Rue Cour Lyon, 2 \u00a0\/ B-6200 Chatelet\/ B-6200 Ch\u00e2telet R\u00e9unions : les 1er et 3\u00e8me mardis du mois \u00e0 19h Pr\u00e9sident : JOURET Christian +32(0)71 39 09 59 christian.jouret@skynet.be Vice-pr\u00e9sident: GOSSELIN Jean-Fran\u00e7ois +32(0)67 21 47 19 jfg.nivelles@gmail.com Tr\u00e9sorier : DEFRENE Jacques +32(0)495 36 31 51 fleursdecos@gmail.com Secr\u00e9taire et<span class=\"more-link\"><a href=\"https:\/\/icaif.org\/index.php\/clubs-affilies\/le-pristella\/\">En savoir +<\/a><\/span><\/p>\n","protected":false},"author":1,"featured_media":0,"parent":42,"menu_order":11,"comment_status":"closed","ping_status":"closed","template":"","meta":{"footnotes":""},"class_list":["entry","author-admin7729","post-92","page","type-page","status-publish"],"_links":{"self":[{"href":"https:\/\/icaif.org\/index.php\/wp-json\/wp\/v2\/pages\/92","targetHints":{"allow":["GET"]}}],"collection":[{"href":"https:\/\/icaif.org\/index.php\/wp-json\/wp\/v2\/pages"}],"about":[{"href":"https:\/\/icaif.org\/index.php\/wp-json\/wp\/v2\/types\/page"}],"author":[{"embeddable":true,"href":"https:\/\/icaif.org\/index.php\/wp-json\/wp\/v2\/users\/1"}],"replies":[{"embeddable":true,"href":"https:\/\/icaif.org\/index.php\/wp-json\/wp\/v2\/comments?post=92"}],"version-history":[{"count":11,"href":"https:\/\/icaif.org\/index.php\/wp-json\/wp\/v2\/pages\/92\/revisions"}],"predecessor-version":[{"id":3339,"href":"https:\/\/icaif.org\/index.php\/wp-json\/wp\/v2\/pages\/92\/revisions\/3339"}],"up":[{"embeddable":true,"href":"https:\/\/icaif.org\/index.php\/wp-json\/wp\/v2\/pages\/42"}],"wp:attachment":[{"href":"https:\/\/icaif.org\/index.php\/wp-json\/wp\/v2\/media?parent=92"}],"curies":[{"name":"wp","href":"https:\/\/api.w.org\/{rel}","templated":true}]}}