{"id":89,"date":"2018-11-16T17:21:36","date_gmt":"2018-11-16T16:21:36","guid":{"rendered":"http:\/\/icaif.org\/?page_id=89"},"modified":"2026-02-19T22:20:48","modified_gmt":"2026-02-19T21:20:48","slug":"le-cardinal-club-de-liege","status":"publish","type":"page","link":"https:\/\/icaif.org\/index.php\/clubs-affilies\/le-cardinal-club-de-liege\/","title":{"rendered":"Le Cardinal Club de Li\u00e8ge"},"content":{"rendered":"<p style=\"text-align: center;\"><img loading=\"lazy\" decoding=\"async\" class=\"size-medium wp-image-276 aligncenter\" src=\"https:\/\/icaif.org\/wp-content\/uploads\/2018\/11\/logo-le-cardinal-HD-300x212.png\" alt=\"\" width=\"300\" height=\"212\" srcset=\"https:\/\/icaif.org\/wp-content\/uploads\/2018\/11\/logo-le-cardinal-HD-300x212.png 300w, https:\/\/icaif.org\/wp-content\/uploads\/2018\/11\/logo-le-cardinal-HD-600x424.png 600w, https:\/\/icaif.org\/wp-content\/uploads\/2018\/11\/logo-le-cardinal-HD-768x543.png 768w, https:\/\/icaif.org\/wp-content\/uploads\/2018\/11\/logo-le-cardinal-HD-1024x724.png 1024w, https:\/\/icaif.org\/wp-content\/uploads\/2018\/11\/logo-le-cardinal-HD-1188x840.png 1188w, https:\/\/icaif.org\/wp-content\/uploads\/2018\/11\/logo-le-cardinal-HD.png 1754w\" sizes=\"auto, (max-width: 300px) 100vw, 300px\" \/><\/p>\n<p>Local : ancien Ath\u00e9n\u00e9e d&rsquo;Angleur, 69 Rue d&rsquo;Ougr\u00e9e &#8211; B-4031 Angleur<br \/>\nR\u00e9unions :\u00a0 les 1er, 3\u00e8me et 5\u00e8me mardis du mois \u00e0 19h30<\/p>\n<p>Pr\u00e9sident et repr\u00e9sentant IC\u00a0 :<\/p>\n<ul>\n<li>BEAUWIN Raymond +32(0)494 39 41 53<\/li>\n<\/ul>\n<p>Secr\u00e9taire :<\/p>\n<ul>\n<li>MOREAU Patrice +32(0)477 62 94 35<\/li>\n<\/ul>\n<p>Tr\u00e9sorier :<\/p>\n<ul>\n<li>PHILIPPETH Vincent +32(0)496 16 03 29\u00a0 <a href=\"mailto:phvincent@voo.be\">phvincent@voo.be<\/a><\/li>\n<\/ul>\n<p>Page Facebook : <a href=\"http:\/\/www.facebook.com\/LeCardinalClub\/\">www.facebook.com\/LeCardinalClub\/<\/a><\/p>\n<p>Site internet: <a href=\"http:\/\/www.le-cardinal.info\">http:\/\/www.le-cardinal.info<\/a><\/p>\n<div id=\"ConnectiveDocSignExtentionInstalled\" data-extension-version=\"1.0.4\"><\/div>\n","protected":false},"excerpt":{"rendered":"<p>Local : ancien Ath\u00e9n\u00e9e d&rsquo;Angleur, 69 Rue d&rsquo;Ougr\u00e9e &#8211; B-4031 Angleur R\u00e9unions :\u00a0 les 1er, 3\u00e8me et 5\u00e8me mardis du mois \u00e0 19h30 Pr\u00e9sident et repr\u00e9sentant IC\u00a0 : BEAUWIN Raymond +32(0)494 39 41 53 Secr\u00e9taire : MOREAU Patrice +32(0)477 62 94 35 Tr\u00e9sorier : PHILIPPETH Vincent +32(0)496 16 03 29\u00a0<span class=\"more-link\"><a href=\"https:\/\/icaif.org\/index.php\/clubs-affilies\/le-cardinal-club-de-liege\/\">En savoir +<\/a><\/span><\/p>\n","protected":false},"author":1,"featured_media":0,"parent":42,"menu_order":10,"comment_status":"closed","ping_status":"closed","template":"","meta":{"footnotes":""},"class_list":["entry","author-admin7729","post-89","page","type-page","status-publish"],"_links":{"self":[{"href":"https:\/\/icaif.org\/index.php\/wp-json\/wp\/v2\/pages\/89","targetHints":{"allow":["GET"]}}],"collection":[{"href":"https:\/\/icaif.org\/index.php\/wp-json\/wp\/v2\/pages"}],"about":[{"href":"https:\/\/icaif.org\/index.php\/wp-json\/wp\/v2\/types\/page"}],"author":[{"embeddable":true,"href":"https:\/\/icaif.org\/index.php\/wp-json\/wp\/v2\/users\/1"}],"replies":[{"embeddable":true,"href":"https:\/\/icaif.org\/index.php\/wp-json\/wp\/v2\/comments?post=89"}],"version-history":[{"count":12,"href":"https:\/\/icaif.org\/index.php\/wp-json\/wp\/v2\/pages\/89\/revisions"}],"predecessor-version":[{"id":3354,"href":"https:\/\/icaif.org\/index.php\/wp-json\/wp\/v2\/pages\/89\/revisions\/3354"}],"up":[{"embeddable":true,"href":"https:\/\/icaif.org\/index.php\/wp-json\/wp\/v2\/pages\/42"}],"wp:attachment":[{"href":"https:\/\/icaif.org\/index.php\/wp-json\/wp\/v2\/media?parent=89"}],"curies":[{"name":"wp","href":"https:\/\/api.w.org\/{rel}","templated":true}]}}