{"id":83,"date":"2018-11-16T17:20:00","date_gmt":"2018-11-16T16:20:00","guid":{"rendered":"http:\/\/icaif.org\/?page_id=83"},"modified":"2024-11-20T14:46:00","modified_gmt":"2024-11-20T13:46:00","slug":"groupe-aquariophile-de-maubeuge","status":"publish","type":"page","link":"https:\/\/icaif.org\/index.php\/clubs-affilies\/groupe-aquariophile-de-maubeuge\/","title":{"rendered":"Groupe Aquariophile de Maubeuge"},"content":{"rendered":"<p style=\"text-align: center;\"><img loading=\"lazy\" decoding=\"async\" class=\"size-full wp-image-270 aligncenter\" src=\"https:\/\/icaif.org\/wp-content\/uploads\/2018\/11\/Logo-Maubeuge.jpg\" alt=\"\" width=\"177\" height=\"170\" \/><\/p>\n<p>Local : R\u00e9sidence Carnot Cit\u00e9 des pr\u00e9sidents \/ F-59600 Maubeuge &#8211; France<br \/>\nR\u00e9unions : permanence le mercredi de 17h \u00e0 19h30 et le samedi de 10h \u00e0 12h<\/p>\n<p>Pr\u00e9sident et repr\u00e9sentant IC :<\/p>\n<ul>\n<li>DEMOUSTIER Jean-Michel +33(0)3 27 39 81 45<\/li>\n<\/ul>\n<p>Site internet : <u><a href=\"http:\/\/aqua.maubeuge.free.fr\" target=\"_blank\" rel=\"noopener\">aqua.maubeuge.free.fr<\/a><\/u><\/p>\n","protected":false},"excerpt":{"rendered":"<p>Local : R\u00e9sidence Carnot Cit\u00e9 des pr\u00e9sidents \/ F-59600 Maubeuge &#8211; France R\u00e9unions : permanence le mercredi de 17h \u00e0 19h30 et le samedi de 10h \u00e0 12h Pr\u00e9sident et repr\u00e9sentant IC : DEMOUSTIER Jean-Michel +33(0)3 27 39 81 45 Site internet : aqua.maubeuge.free.fr<span class=\"more-link\"><a href=\"https:\/\/icaif.org\/index.php\/clubs-affilies\/groupe-aquariophile-de-maubeuge\/\">En savoir +<\/a><\/span><\/p>\n","protected":false},"author":1,"featured_media":0,"parent":42,"menu_order":8,"comment_status":"closed","ping_status":"closed","template":"","meta":{"footnotes":""},"class_list":["entry","author-admin7729","post-83","page","type-page","status-publish"],"_links":{"self":[{"href":"https:\/\/icaif.org\/index.php\/wp-json\/wp\/v2\/pages\/83","targetHints":{"allow":["GET"]}}],"collection":[{"href":"https:\/\/icaif.org\/index.php\/wp-json\/wp\/v2\/pages"}],"about":[{"href":"https:\/\/icaif.org\/index.php\/wp-json\/wp\/v2\/types\/page"}],"author":[{"embeddable":true,"href":"https:\/\/icaif.org\/index.php\/wp-json\/wp\/v2\/users\/1"}],"replies":[{"embeddable":true,"href":"https:\/\/icaif.org\/index.php\/wp-json\/wp\/v2\/comments?post=83"}],"version-history":[{"count":5,"href":"https:\/\/icaif.org\/index.php\/wp-json\/wp\/v2\/pages\/83\/revisions"}],"predecessor-version":[{"id":3122,"href":"https:\/\/icaif.org\/index.php\/wp-json\/wp\/v2\/pages\/83\/revisions\/3122"}],"up":[{"embeddable":true,"href":"https:\/\/icaif.org\/index.php\/wp-json\/wp\/v2\/pages\/42"}],"wp:attachment":[{"href":"https:\/\/icaif.org\/index.php\/wp-json\/wp\/v2\/media?parent=83"}],"curies":[{"name":"wp","href":"https:\/\/api.w.org\/{rel}","templated":true}]}}