{"id":80,"date":"2018-11-16T17:18:57","date_gmt":"2018-11-16T16:18:57","guid":{"rendered":"http:\/\/icaif.org\/?page_id=80"},"modified":"2026-02-19T22:46:36","modified_gmt":"2026-02-19T21:46:36","slug":"le-discus-club","status":"publish","type":"page","link":"https:\/\/icaif.org\/index.php\/clubs-affilies\/le-discus-club\/","title":{"rendered":"Le Discus Club (Solre-sur-Sambre)"},"content":{"rendered":"<p style=\"text-align: center;\"><img loading=\"lazy\" decoding=\"async\" class=\"alignnone wp-image-1219 size-medium\" src=\"https:\/\/icaif.org\/wp-content\/uploads\/2019\/12\/Logo-2018-couleur-300x300.gif\" alt=\"\" width=\"300\" height=\"300\" srcset=\"https:\/\/icaif.org\/wp-content\/uploads\/2019\/12\/Logo-2018-couleur-300x300.gif 300w, https:\/\/icaif.org\/wp-content\/uploads\/2019\/12\/Logo-2018-couleur-100x100.gif 100w, https:\/\/icaif.org\/wp-content\/uploads\/2019\/12\/Logo-2018-couleur-600x601.gif 600w, https:\/\/icaif.org\/wp-content\/uploads\/2019\/12\/Logo-2018-couleur-150x150.gif 150w, https:\/\/icaif.org\/wp-content\/uploads\/2019\/12\/Logo-2018-couleur-768x769.gif 768w, https:\/\/icaif.org\/wp-content\/uploads\/2019\/12\/Logo-2018-couleur-1024x1024.gif 1024w, https:\/\/icaif.org\/wp-content\/uploads\/2019\/12\/Logo-2018-couleur-1188x1189.gif 1188w\" sizes=\"auto, (max-width: 300px) 100vw, 300px\" \/><\/p>\n<p>Local : Centre Culturel de Solre-sur-Sambre, Rue Saint M\u00e9dard, 11 \/ B-6560 Solre-sur-Sambre<br \/>R\u00e9unions sur convocation<br \/>T\u00e9l\u00e9phone : +32(0)495 32 58 05<\/p>\n<p>Pr\u00e9sident :<\/p>\n<ul>\n<li>DECHAMPS No\u00ebl +32(0)071 59 41 46 \/+32(0)495 32 58 05 <a href=\"noel.dechamps@hotmail.com\">noel.deschamps@hotmail.com<\/a><\/li>\n<\/ul>\n<p>Tr\u00e9sori\u00e8re :<\/p>\n<ul>\n<li>LEJEUNE Adeline\u00a0 <a href=\"mailto:adeline.lejeune@hotmail.be\">adeline.lejeune@hotmail.be<\/a><\/li>\n<\/ul>\n<p>Repr\u00e9sentant IC :<\/p>\n<ul>\n<li>HAUBOURDIN Fernand +32(0)71 51 63 89<\/li>\n<\/ul>\n<p>Secr\u00e9taire :<\/p>\n<ul>\n<li>BRASSART Jacques +32(0)71 55.78.08<\/li>\n<\/ul>\n<p>Responsable technique:<\/p>\n<ul>\n<li>COTTEAUX Pierre +32 (0)473 75 83 47<\/li>\n<\/ul>\n<p>Site internet : <u><a href=\"http:\/\/www.discusclub.be\" target=\"_blank\" rel=\"noopener\">www.discusclub.be<\/a><\/u><\/p>\n\n\n<p><\/p>\n","protected":false},"excerpt":{"rendered":"<p>Local : Centre Culturel de Solre-sur-Sambre, Rue Saint M\u00e9dard, 11 \/ B-6560 Solre-sur-SambreR\u00e9unions sur convocationT\u00e9l\u00e9phone : +32(0)495 32 58 05 Pr\u00e9sident : DECHAMPS No\u00ebl +32(0)071 59 41 46 \/+32(0)495 32 58 05 noel.deschamps@hotmail.com Tr\u00e9sori\u00e8re : LEJEUNE Adeline\u00a0 adeline.lejeune@hotmail.be Repr\u00e9sentant IC : HAUBOURDIN Fernand +32(0)71 51 63 89 Secr\u00e9taire : BRASSART<span class=\"more-link\"><a href=\"https:\/\/icaif.org\/index.php\/clubs-affilies\/le-discus-club\/\">En savoir +<\/a><\/span><\/p>\n","protected":false},"author":1,"featured_media":0,"parent":42,"menu_order":7,"comment_status":"closed","ping_status":"closed","template":"","meta":{"footnotes":""},"class_list":["entry","author-admin7729","post-80","page","type-page","status-publish"],"_links":{"self":[{"href":"https:\/\/icaif.org\/index.php\/wp-json\/wp\/v2\/pages\/80","targetHints":{"allow":["GET"]}}],"collection":[{"href":"https:\/\/icaif.org\/index.php\/wp-json\/wp\/v2\/pages"}],"about":[{"href":"https:\/\/icaif.org\/index.php\/wp-json\/wp\/v2\/types\/page"}],"author":[{"embeddable":true,"href":"https:\/\/icaif.org\/index.php\/wp-json\/wp\/v2\/users\/1"}],"replies":[{"embeddable":true,"href":"https:\/\/icaif.org\/index.php\/wp-json\/wp\/v2\/comments?post=80"}],"version-history":[{"count":11,"href":"https:\/\/icaif.org\/index.php\/wp-json\/wp\/v2\/pages\/80\/revisions"}],"predecessor-version":[{"id":3357,"href":"https:\/\/icaif.org\/index.php\/wp-json\/wp\/v2\/pages\/80\/revisions\/3357"}],"up":[{"embeddable":true,"href":"https:\/\/icaif.org\/index.php\/wp-json\/wp\/v2\/pages\/42"}],"wp:attachment":[{"href":"https:\/\/icaif.org\/index.php\/wp-json\/wp\/v2\/media?parent=80"}],"curies":[{"name":"wp","href":"https:\/\/api.w.org\/{rel}","templated":true}]}}