{"id":77,"date":"2018-11-16T17:17:50","date_gmt":"2018-11-16T16:17:50","guid":{"rendered":"http:\/\/icaif.org\/?page_id=77"},"modified":"2024-11-20T14:51:00","modified_gmt":"2024-11-20T13:51:00","slug":"club-aquariophile-malmedien","status":"publish","type":"page","link":"https:\/\/icaif.org\/index.php\/clubs-affilies\/club-aquariophile-malmedien\/","title":{"rendered":"Club Aquariophile Malm\u00e9dien"},"content":{"rendered":"<p style=\"text-align: center;\"><img loading=\"lazy\" decoding=\"async\" class=\"size-full wp-image-264 aligncenter\" src=\"https:\/\/icaif.org\/wp-content\/uploads\/2018\/11\/Logo-Malmedy.jpg\" alt=\"\" width=\"73\" height=\"120\" \/><\/p>\n<p>Local : Ecole Communale, Rue Derri\u00e8re les Murs \/ B-4860 Malmedy<br \/>\nR\u00e9unions : Le 2<sup><span style=\"font-size: small;\">\u00e8me<\/span><\/sup> mardi du mois d\u00e8s 20h (sauf juillet et ao\u00fbt)<\/p>\n<p>Secr\u00e9taire :<\/p>\n<ul>\n<li>HOSTERT Christian +32(0)496 84.93.80 <a href=\"mailto:christian.hostert11@gmail.com\">christian.hostert11@gmail.com<\/a><\/li>\n<\/ul>\n","protected":false},"excerpt":{"rendered":"<p>Local : Ecole Communale, Rue Derri\u00e8re les Murs \/ B-4860 Malmedy R\u00e9unions : Le 2\u00e8me mardi du mois d\u00e8s 20h (sauf juillet et ao\u00fbt) Secr\u00e9taire : HOSTERT Christian +32(0)496 84.93.80 christian.hostert11@gmail.com<span class=\"more-link\"><a href=\"https:\/\/icaif.org\/index.php\/clubs-affilies\/club-aquariophile-malmedien\/\">En savoir +<\/a><\/span><\/p>\n","protected":false},"author":1,"featured_media":0,"parent":42,"menu_order":6,"comment_status":"closed","ping_status":"closed","template":"","meta":{"footnotes":""},"class_list":["entry","author-admin7729","post-77","page","type-page","status-publish"],"_links":{"self":[{"href":"https:\/\/icaif.org\/index.php\/wp-json\/wp\/v2\/pages\/77","targetHints":{"allow":["GET"]}}],"collection":[{"href":"https:\/\/icaif.org\/index.php\/wp-json\/wp\/v2\/pages"}],"about":[{"href":"https:\/\/icaif.org\/index.php\/wp-json\/wp\/v2\/types\/page"}],"author":[{"embeddable":true,"href":"https:\/\/icaif.org\/index.php\/wp-json\/wp\/v2\/users\/1"}],"replies":[{"embeddable":true,"href":"https:\/\/icaif.org\/index.php\/wp-json\/wp\/v2\/comments?post=77"}],"version-history":[{"count":6,"href":"https:\/\/icaif.org\/index.php\/wp-json\/wp\/v2\/pages\/77\/revisions"}],"predecessor-version":[{"id":3125,"href":"https:\/\/icaif.org\/index.php\/wp-json\/wp\/v2\/pages\/77\/revisions\/3125"}],"up":[{"embeddable":true,"href":"https:\/\/icaif.org\/index.php\/wp-json\/wp\/v2\/pages\/42"}],"wp:attachment":[{"href":"https:\/\/icaif.org\/index.php\/wp-json\/wp\/v2\/media?parent=77"}],"curies":[{"name":"wp","href":"https:\/\/api.w.org\/{rel}","templated":true}]}}