{"id":592,"date":"2018-12-30T15:26:53","date_gmt":"2018-12-30T14:26:53","guid":{"rendered":"http:\/\/icaif.org\/?page_id=592"},"modified":"2023-05-01T15:40:40","modified_gmt":"2023-05-01T13:40:40","slug":"especes-exotiques-envahissantes-en-wallonie-et-en-ue-29-11-2018","status":"publish","type":"page","link":"https:\/\/icaif.org\/index.php\/especes-exotiques-envahissantes-en-wallonie-et-en-ue-29-11-2018\/","title":{"rendered":"Esp\u00e8ces exotiques envahissantes en Wallonie et en UE (29\/11\/2018)"},"content":{"rendered":"\n<p>Retrouvez dans<a href=\"https:\/\/icaif.org\/wp-content\/uploads\/2018\/12\/Especes-envahissante.pdf\"> ce pdf le rapport relatif \u00e0 la r\u00e9union qui s&rsquo;est d\u00e9roul\u00e9e le 30 novembre \u00e0 Bruxelles<\/a>.<br>En annexe 1 et 2 les esp\u00e8ces qui seront propos\u00e9es pour \u00eatre interdites au sein de l&rsquo;UE.<\/p>\n\n\n\n<h1 class=\"wp-block-heading\"><strong>\/!\\ Mise \u00e0 jour de la liste des esp\u00e8ces invasives interdites de vendre, donner, rel\u00e2cher dans la nature.<\/strong><\/h1>\n\n\n<div class=\"wp-block-image\">\n<figure class=\"aligncenter size-large\"><a href=\"https:\/\/www.iasregulation.be\/fr\"><img loading=\"lazy\" decoding=\"async\" width=\"719\" height=\"1024\" src=\"https:\/\/icaif.org\/wp-content\/uploads\/2023\/04\/FR_ANIMALS_2022-719x1024.png\" alt=\"\" class=\"wp-image-2827\" srcset=\"https:\/\/icaif.org\/wp-content\/uploads\/2023\/04\/FR_ANIMALS_2022-719x1024.png 719w, https:\/\/icaif.org\/wp-content\/uploads\/2023\/04\/FR_ANIMALS_2022-600x854.png 600w, https:\/\/icaif.org\/wp-content\/uploads\/2023\/04\/FR_ANIMALS_2022-211x300.png 211w, https:\/\/icaif.org\/wp-content\/uploads\/2023\/04\/FR_ANIMALS_2022-768x1093.png 768w, https:\/\/icaif.org\/wp-content\/uploads\/2023\/04\/FR_ANIMALS_2022-1079x1536.png 1079w, https:\/\/icaif.org\/wp-content\/uploads\/2023\/04\/FR_ANIMALS_2022-1439x2048.png 1439w, https:\/\/icaif.org\/wp-content\/uploads\/2023\/04\/FR_ANIMALS_2022-386x550.png 386w, https:\/\/icaif.org\/wp-content\/uploads\/2023\/04\/FR_ANIMALS_2022-351x500.png 351w, https:\/\/icaif.org\/wp-content\/uploads\/2023\/04\/FR_ANIMALS_2022-218x310.png 218w, https:\/\/icaif.org\/wp-content\/uploads\/2023\/04\/FR_ANIMALS_2022-74x105.png 74w, https:\/\/icaif.org\/wp-content\/uploads\/2023\/04\/FR_ANIMALS_2022.png 1550w\" sizes=\"auto, (max-width: 719px) 100vw, 719px\" \/><\/a><\/figure>\n<\/div>\n\n<div class=\"wp-block-image\">\n<figure class=\"aligncenter size-large\"><img loading=\"lazy\" decoding=\"async\" width=\"726\" height=\"1024\" src=\"https:\/\/icaif.org\/wp-content\/uploads\/2023\/04\/FR_PLANTS_2022-726x1024.png\" alt=\"\" class=\"wp-image-2828\" srcset=\"https:\/\/icaif.org\/wp-content\/uploads\/2023\/04\/FR_PLANTS_2022-726x1024.png 726w, https:\/\/icaif.org\/wp-content\/uploads\/2023\/04\/FR_PLANTS_2022-600x846.png 600w, https:\/\/icaif.org\/wp-content\/uploads\/2023\/04\/FR_PLANTS_2022-213x300.png 213w, https:\/\/icaif.org\/wp-content\/uploads\/2023\/04\/FR_PLANTS_2022-768x1083.png 768w, https:\/\/icaif.org\/wp-content\/uploads\/2023\/04\/FR_PLANTS_2022-1090x1536.png 1090w, https:\/\/icaif.org\/wp-content\/uploads\/2023\/04\/FR_PLANTS_2022-1453x2048.png 1453w, https:\/\/icaif.org\/wp-content\/uploads\/2023\/04\/FR_PLANTS_2022-390x550.png 390w, https:\/\/icaif.org\/wp-content\/uploads\/2023\/04\/FR_PLANTS_2022-355x500.png 355w, https:\/\/icaif.org\/wp-content\/uploads\/2023\/04\/FR_PLANTS_2022-220x310.png 220w, https:\/\/icaif.org\/wp-content\/uploads\/2023\/04\/FR_PLANTS_2022-74x105.png 74w, https:\/\/icaif.org\/wp-content\/uploads\/2023\/04\/FR_PLANTS_2022.png 1623w\" sizes=\"auto, (max-width: 726px) 100vw, 726px\" \/><\/figure>\n<\/div>","protected":false},"excerpt":{"rendered":"<p>Retrouvez dans ce pdf le rapport relatif \u00e0 la r\u00e9union qui s&rsquo;est d\u00e9roul\u00e9e le 30 novembre \u00e0 Bruxelles.En annexe 1 et 2 les esp\u00e8ces qui seront propos\u00e9es pour \u00eatre interdites au sein de l&rsquo;UE. \/!\\ Mise \u00e0 jour de la liste des esp\u00e8ces invasives interdites de vendre, donner, rel\u00e2cher dans<span class=\"more-link\"><a href=\"https:\/\/icaif.org\/index.php\/especes-exotiques-envahissantes-en-wallonie-et-en-ue-29-11-2018\/\">En savoir +<\/a><\/span><\/p>\n","protected":false},"author":1,"featured_media":593,"parent":0,"menu_order":0,"comment_status":"closed","ping_status":"closed","template":"","meta":{"footnotes":""},"class_list":["entry","author-admin7729","post-592","page","type-page","status-publish","has-post-thumbnail"],"_links":{"self":[{"href":"https:\/\/icaif.org\/index.php\/wp-json\/wp\/v2\/pages\/592","targetHints":{"allow":["GET"]}}],"collection":[{"href":"https:\/\/icaif.org\/index.php\/wp-json\/wp\/v2\/pages"}],"about":[{"href":"https:\/\/icaif.org\/index.php\/wp-json\/wp\/v2\/types\/page"}],"author":[{"embeddable":true,"href":"https:\/\/icaif.org\/index.php\/wp-json\/wp\/v2\/users\/1"}],"replies":[{"embeddable":true,"href":"https:\/\/icaif.org\/index.php\/wp-json\/wp\/v2\/comments?post=592"}],"version-history":[{"count":4,"href":"https:\/\/icaif.org\/index.php\/wp-json\/wp\/v2\/pages\/592\/revisions"}],"predecessor-version":[{"id":2840,"href":"https:\/\/icaif.org\/index.php\/wp-json\/wp\/v2\/pages\/592\/revisions\/2840"}],"wp:featuredmedia":[{"embeddable":true,"href":"https:\/\/icaif.org\/index.php\/wp-json\/wp\/v2\/media\/593"}],"wp:attachment":[{"href":"https:\/\/icaif.org\/index.php\/wp-json\/wp\/v2\/media?parent=592"}],"curies":[{"name":"wp","href":"https:\/\/api.w.org\/{rel}","templated":true}]}}