{"id":42,"date":"2018-11-16T16:36:21","date_gmt":"2018-11-16T15:36:21","guid":{"rendered":"http:\/\/icaif.org\/?page_id=42"},"modified":"2018-11-23T19:22:23","modified_gmt":"2018-11-23T18:22:23","slug":"clubs-affilies","status":"publish","type":"page","link":"https:\/\/icaif.org\/index.php\/clubs-affilies\/","title":{"rendered":"Clubs Affili\u00e9s"},"content":{"rendered":"<p style=\"text-align: center;\"><img loading=\"lazy\" decoding=\"async\" class=\"aligncenter wp-image-446 size-full\" src=\"https:\/\/icaif.org\/wp-content\/uploads\/2018\/11\/carte-des-clubs.jpg\" alt=\"\" width=\"650\" height=\"432\" srcset=\"https:\/\/icaif.org\/wp-content\/uploads\/2018\/11\/carte-des-clubs.jpg 650w, https:\/\/icaif.org\/wp-content\/uploads\/2018\/11\/carte-des-clubs-600x399.jpg 600w, https:\/\/icaif.org\/wp-content\/uploads\/2018\/11\/carte-des-clubs-300x199.jpg 300w\" sizes=\"auto, (max-width: 650px) 100vw, 650px\" \/><\/p>\n<p>Les Clubs composant l&rsquo;ICAIF sont r\u00e9partis en Belgique Francophone et dans le Nord de la France.<br \/>\nVous pouvez d\u00e9couvrir les coordonn\u00e9es de ceux-ci sur notre site et ils sont \u00e0 votre disposition pour vous communiquer tout renseignement qui pourraient vous \u00eatre utiles.<\/p>\n","protected":false},"excerpt":{"rendered":"<p>Les Clubs composant l&rsquo;ICAIF sont r\u00e9partis en Belgique Francophone et dans le Nord de la France. Vous pouvez d\u00e9couvrir les coordonn\u00e9es de ceux-ci sur notre site et ils sont \u00e0 votre disposition pour vous communiquer tout renseignement qui pourraient vous \u00eatre utiles.<span class=\"more-link\"><a href=\"https:\/\/icaif.org\/index.php\/clubs-affilies\/\">En savoir +<\/a><\/span><\/p>\n","protected":false},"author":1,"featured_media":0,"parent":0,"menu_order":0,"comment_status":"closed","ping_status":"closed","template":"template-full-width-page.php","meta":{"footnotes":""},"class_list":["entry","author-admin7729","post-42","page","type-page","status-publish"],"_links":{"self":[{"href":"https:\/\/icaif.org\/index.php\/wp-json\/wp\/v2\/pages\/42","targetHints":{"allow":["GET"]}}],"collection":[{"href":"https:\/\/icaif.org\/index.php\/wp-json\/wp\/v2\/pages"}],"about":[{"href":"https:\/\/icaif.org\/index.php\/wp-json\/wp\/v2\/types\/page"}],"author":[{"embeddable":true,"href":"https:\/\/icaif.org\/index.php\/wp-json\/wp\/v2\/users\/1"}],"replies":[{"embeddable":true,"href":"https:\/\/icaif.org\/index.php\/wp-json\/wp\/v2\/comments?post=42"}],"version-history":[{"count":4,"href":"https:\/\/icaif.org\/index.php\/wp-json\/wp\/v2\/pages\/42\/revisions"}],"predecessor-version":[{"id":447,"href":"https:\/\/icaif.org\/index.php\/wp-json\/wp\/v2\/pages\/42\/revisions\/447"}],"wp:attachment":[{"href":"https:\/\/icaif.org\/index.php\/wp-json\/wp\/v2\/media?parent=42"}],"curies":[{"name":"wp","href":"https:\/\/api.w.org\/{rel}","templated":true}]}}