{"id":359,"date":"2018-11-22T15:58:03","date_gmt":"2018-11-22T14:58:03","guid":{"rendered":"http:\/\/icaif.org\/?page_id=359"},"modified":"2026-02-19T18:03:52","modified_gmt":"2026-02-19T17:03:52","slug":"liste-des-articles-parus","status":"publish","type":"page","link":"https:\/\/icaif.org\/index.php\/revue-aquafauna\/liste-des-articles-parus\/","title":{"rendered":"Liste des articles parus"},"content":{"rendered":"<p>Yvan Depelchin a pass\u00e9 en revue toutes les pages d\u00e9j\u00e0 publi\u00e9es dans Aquafauna et vous propose de retrouver ici une liste (presque compl\u00e8te) des articles parus depuis la cr\u00e9ation de celle-ci. Yvan ayant d\u00e9cid\u00e9 de se retirer c&rsquo;est Rony Demat qui dor\u00e9navant fait les mises \u00e0\u00a0 jour.<\/p>\n<p>Vous pouvez consulter la liste des articles publi\u00e9s class\u00e9s chronologiquement dans un fichier <u><a href=\"https:\/\/icaif.org\/wp-content\/uploads\/2026\/02\/repertoire-AF-181-20251127.xlsx\" target=\"_self\" rel=\"noopener\">Excel<\/a><\/u> ou la t\u00e9l\u00e9charger\u00a0 dans un document <u><a href=\"https:\/\/icaif.org\/wp-content\/uploads\/2026\/02\/repertoire-AF-181-20251127.pdf\" target=\"_self\" rel=\"noopener\">pdf<\/a><\/u><br \/>\nSi vous d\u00e9sirez commander un ancien num\u00e9ro <u><a href=\"https:\/\/icaif.org\/index.php\/revue-aquafauna\/anciens-numeros\/\" target=\"_self\" rel=\"noopener\">cliquez ici pour plus d&rsquo;informations<\/a><\/u>.<\/p>\n<p><em>(mis \u00e0 jour le 19-02-2026)<\/em><\/p>\n<div id=\"ConnectiveDocSignExtentionInstalled\" data-extension-version=\"1.0.4\"><\/div>\n","protected":false},"excerpt":{"rendered":"<p>Yvan Depelchin a pass\u00e9 en revue toutes les pages d\u00e9j\u00e0 publi\u00e9es dans Aquafauna et vous propose de retrouver ici une liste (presque compl\u00e8te) des articles parus depuis la cr\u00e9ation de celle-ci. Yvan ayant d\u00e9cid\u00e9 de se retirer c&rsquo;est Rony Demat qui dor\u00e9navant fait les mises \u00e0\u00a0 jour. Vous pouvez consulter<span class=\"more-link\"><a href=\"https:\/\/icaif.org\/index.php\/revue-aquafauna\/liste-des-articles-parus\/\">En savoir +<\/a><\/span><\/p>\n","protected":false},"author":2,"featured_media":0,"parent":186,"menu_order":4,"comment_status":"closed","ping_status":"closed","template":"","meta":{"footnotes":""},"class_list":["entry","author-murieladmin2023","post-359","page","type-page","status-publish"],"_links":{"self":[{"href":"https:\/\/icaif.org\/index.php\/wp-json\/wp\/v2\/pages\/359","targetHints":{"allow":["GET"]}}],"collection":[{"href":"https:\/\/icaif.org\/index.php\/wp-json\/wp\/v2\/pages"}],"about":[{"href":"https:\/\/icaif.org\/index.php\/wp-json\/wp\/v2\/types\/page"}],"author":[{"embeddable":true,"href":"https:\/\/icaif.org\/index.php\/wp-json\/wp\/v2\/users\/2"}],"replies":[{"embeddable":true,"href":"https:\/\/icaif.org\/index.php\/wp-json\/wp\/v2\/comments?post=359"}],"version-history":[{"count":35,"href":"https:\/\/icaif.org\/index.php\/wp-json\/wp\/v2\/pages\/359\/revisions"}],"predecessor-version":[{"id":3298,"href":"https:\/\/icaif.org\/index.php\/wp-json\/wp\/v2\/pages\/359\/revisions\/3298"}],"up":[{"embeddable":true,"href":"https:\/\/icaif.org\/index.php\/wp-json\/wp\/v2\/pages\/186"}],"wp:attachment":[{"href":"https:\/\/icaif.org\/index.php\/wp-json\/wp\/v2\/media?parent=359"}],"curies":[{"name":"wp","href":"https:\/\/api.w.org\/{rel}","templated":true}]}}