{"id":34,"date":"2018-11-16T16:15:48","date_gmt":"2018-11-16T15:15:48","guid":{"rendered":"http:\/\/icaif.org\/?page_id=34"},"modified":"2020-10-19T13:01:48","modified_gmt":"2020-10-19T11:01:48","slug":"nos-reunions","status":"publish","type":"page","link":"https:\/\/icaif.org\/index.php\/icaif\/nos-reunions\/","title":{"rendered":"Nos r\u00e9unions"},"content":{"rendered":"<p>Les r\u00e9unions g\u00e9n\u00e9rales de l\u2019I.C.A.I.F. ont lieu deux fois par an, un samedi, au local suivant :<br \/>\nlocal de la S.A.W. : Rue de Deminche, 15 &#8211; 5150 Frani\u00e8re. (Floreffe-Namur).<\/p>\n<p>La premi\u00e8re r\u00e9union g\u00e9n\u00e9rale tenue au cours du premier semestre constitue <strong>l&rsquo;assembl\u00e9e g\u00e9n\u00e9rale statutaire annuelle.<br \/>\n<\/strong>Chaque club d\u00e9signera un repr\u00e9sentant officiel qui participera \u00e0 ces r\u00e9unions et disposera du droit de vote au nom de son club.<br \/>\nChaque club pr\u00e9sent a droit \u00e0 une voix et une seule lors des votes survenant en r\u00e9union.<br \/>\nLes d\u00e9cisions de l&rsquo;assembl\u00e9e sont prises \u00e0 la majorit\u00e9 simple, sauf les points concernant les statuts et la dissolution (voir les articles 29, 32 &amp; 33 des statuts).<\/p>\n<div id=\"ConnectiveDocSignExtentionInstalled\" data-extension-version=\"1.0.4\"><\/div>\n","protected":false},"excerpt":{"rendered":"<p>Les r\u00e9unions g\u00e9n\u00e9rales de l\u2019I.C.A.I.F. ont lieu deux fois par an, un samedi, au local suivant : local de la S.A.W. : Rue de Deminche, 15 &#8211; 5150 Frani\u00e8re. (Floreffe-Namur). La premi\u00e8re r\u00e9union g\u00e9n\u00e9rale tenue au cours du premier semestre constitue l&rsquo;assembl\u00e9e g\u00e9n\u00e9rale statutaire annuelle. Chaque club d\u00e9signera un repr\u00e9sentant<span class=\"more-link\"><a href=\"https:\/\/icaif.org\/index.php\/icaif\/nos-reunions\/\">En savoir +<\/a><\/span><\/p>\n","protected":false},"author":1,"featured_media":0,"parent":54,"menu_order":2,"comment_status":"closed","ping_status":"closed","template":"","meta":{"footnotes":""},"class_list":["entry","author-admin7729","post-34","page","type-page","status-publish"],"_links":{"self":[{"href":"https:\/\/icaif.org\/index.php\/wp-json\/wp\/v2\/pages\/34","targetHints":{"allow":["GET"]}}],"collection":[{"href":"https:\/\/icaif.org\/index.php\/wp-json\/wp\/v2\/pages"}],"about":[{"href":"https:\/\/icaif.org\/index.php\/wp-json\/wp\/v2\/types\/page"}],"author":[{"embeddable":true,"href":"https:\/\/icaif.org\/index.php\/wp-json\/wp\/v2\/users\/1"}],"replies":[{"embeddable":true,"href":"https:\/\/icaif.org\/index.php\/wp-json\/wp\/v2\/comments?post=34"}],"version-history":[{"count":4,"href":"https:\/\/icaif.org\/index.php\/wp-json\/wp\/v2\/pages\/34\/revisions"}],"predecessor-version":[{"id":1570,"href":"https:\/\/icaif.org\/index.php\/wp-json\/wp\/v2\/pages\/34\/revisions\/1570"}],"up":[{"embeddable":true,"href":"https:\/\/icaif.org\/index.php\/wp-json\/wp\/v2\/pages\/54"}],"wp:attachment":[{"href":"https:\/\/icaif.org\/index.php\/wp-json\/wp\/v2\/media?parent=34"}],"curies":[{"name":"wp","href":"https:\/\/api.w.org\/{rel}","templated":true}]}}