{"id":322,"date":"2023-04-24T16:35:10","date_gmt":"2023-04-24T14:35:10","guid":{"rendered":"http:\/\/icaif.org\/?page_id=322"},"modified":"2025-06-07T23:22:26","modified_gmt":"2025-06-07T21:22:26","slug":"contact","status":"publish","type":"page","link":"https:\/\/icaif.org\/index.php\/contact\/","title":{"rendered":"Contact"},"content":{"rendered":"<blockquote><p>Pour joindre l&rsquo;ICAIF :<\/p><\/blockquote>\n<ul>\n<li>Pr\u00e9sident : Eric Wilmotte\n<ul>\n<li>email: ericwilmotte@gmail.com<\/li>\n<\/ul>\n<\/li>\n<li>Vice-pr\u00e9sidente: Brigitte Honnorez\n<ul>\n<li>email: brigittehonnorez@hotmail.com<\/li>\n<\/ul>\n<\/li>\n<\/ul>\n<p>Visitez \u00e9galement notre page <a href=\"https:\/\/www.facebook.com\/ICAIF-612812515526689\/\">Facebook<\/a><\/p>\n","protected":false},"excerpt":{"rendered":"<p>Pour joindre l&rsquo;ICAIF : Pr\u00e9sident : Eric Wilmotte email: ericwilmotte@gmail.com Vice-pr\u00e9sidente: Brigitte Honnorez email: brigittehonnorez@hotmail.com Visitez \u00e9galement notre page Facebook<span class=\"more-link\"><a href=\"https:\/\/icaif.org\/index.php\/contact\/\">En savoir +<\/a><\/span><\/p>\n","protected":false},"author":1,"featured_media":0,"parent":0,"menu_order":0,"comment_status":"closed","ping_status":"closed","template":"","meta":{"footnotes":""},"class_list":["entry","author-admin7729","post-322","page","type-page","status-publish"],"_links":{"self":[{"href":"https:\/\/icaif.org\/index.php\/wp-json\/wp\/v2\/pages\/322","targetHints":{"allow":["GET"]}}],"collection":[{"href":"https:\/\/icaif.org\/index.php\/wp-json\/wp\/v2\/pages"}],"about":[{"href":"https:\/\/icaif.org\/index.php\/wp-json\/wp\/v2\/types\/page"}],"author":[{"embeddable":true,"href":"https:\/\/icaif.org\/index.php\/wp-json\/wp\/v2\/users\/1"}],"replies":[{"embeddable":true,"href":"https:\/\/icaif.org\/index.php\/wp-json\/wp\/v2\/comments?post=322"}],"version-history":[{"count":14,"href":"https:\/\/icaif.org\/index.php\/wp-json\/wp\/v2\/pages\/322\/revisions"}],"predecessor-version":[{"id":3210,"href":"https:\/\/icaif.org\/index.php\/wp-json\/wp\/v2\/pages\/322\/revisions\/3210"}],"wp:attachment":[{"href":"https:\/\/icaif.org\/index.php\/wp-json\/wp\/v2\/media?parent=322"}],"curies":[{"name":"wp","href":"https:\/\/api.w.org\/{rel}","templated":true}]}}