{"id":306,"date":"2018-11-21T16:59:21","date_gmt":"2018-11-21T15:59:21","guid":{"rendered":"http:\/\/icaif.org\/?page_id=306"},"modified":"2025-06-07T23:17:34","modified_gmt":"2025-06-07T21:17:34","slug":"les-conferenciers","status":"publish","type":"page","link":"https:\/\/icaif.org\/index.php\/nos-services\/les-conferenciers\/","title":{"rendered":"Les Conf\u00e9renciers"},"content":{"rendered":"<ul>\n<li><strong><u>Conf\u00e9renciers ICAIF\u00a0 (Mise \u00e0 jour janvier 2025)<\/u><\/strong>\n<p><strong><u>Bastin Matthieu <\/u><\/strong><a href=\"mailto:matthieu.j.bastin@gmail.com\">matthieu.j.bastin@gmail.com<\/a>\u00a0 \u00a00472\/928060<\/p>\n<p>01\u00a0: Ma Fish room<\/p>\n<p><strong><u>Demat Rony <\/u><\/strong><strong>\u00a0<\/strong><a href=\"mailto:demat.rony@gmail.com\">demat.rony@gmail.com<\/a><\/p>\n<p>01\u00a0: Les nano aquariums de 10 \u00e0 60L<\/p>\n<p>02\u00a0: L\u2019aquarium de Monaco (conf\u00e9rence qui peut se donner en une ou deux fois)<\/p>\n<p>03\u00a0: Les plantes aquatiques, aper\u00e7u de leur biologie (90min)<\/p>\n<p>04\u00a0: Les eaux continentales et leurs sels (GH,KH, proc\u00e9d\u00e9s d\u2019eau osmos\u00e9e) (2h)<\/p>\n<p>05\u00a0: M\u00e9thodologie et astuces pour la maintenance des aquariums d\u2019eau douce (1h)<\/p>\n<p>06\u00a0: Les aquariums naturels ou low-tech \u2013 M\u00e9thode Diana Walstad<\/p>\n<p>07\u00a0: Analyse des eaux, pourquoi, comment, interpr\u00e9tation<\/p>\n<p>Analyses pH, GT, KH, conductivit\u00e9, NO2 , NO3, NH4, PO4, Fe, K, SiO2, salinit\u00e9, O2, CO2<\/p>\n<p>08 : Les Guppy sauvages<\/p>\n<p>09 : La domotique-arium (automatisation \u00e0 moindre frais de l\u2019aquarium)<\/p>\n<p>10- Plantes faciles pour un aquarium dens\u00e9ment plant\u00e9<\/p>\n<p>11- Les nourritures vivantes (en 2 s\u00e9ances)<\/p>\n<p>12- L\u2019aquarium de Saint Malo en 2024<\/p>\n<p>13- Trucs et astuces<\/p>\n<p>14- Quand et pourquoi un lifting d\u2019un aquarium\u00a0?<\/p>\n<p>Mat\u00e9riel\u00a0: vid\u00e9o projecteur avec prise HDMI<\/p>\n<p>Conditions\u00a0: d\u00e9placement aller-retour ou gratuit si le club donne une conf\u00e9rence dans l\u2019ann\u00e9e au Scalaire<\/p>\n<p><strong><u>Descamps Marie-France<\/u><\/strong>\u00a0: t\u00e9l 065\/56.78.48\u00a0 Gsm\u00a0: 0499\/10.32.43\u00a0 mfdescamps.botia@gmail.com<\/p>\n<p>01\u00a0: Les \u00e9crevisses<\/p>\n<p>02\u00a0: La faune et la flore en Guyane fran\u00e7aise<\/p>\n<p>03\u00a0: Les poissons de la Guyane fran\u00e7aise<\/p>\n<p>04\u00a0: Les diff\u00e9rentes plantes de bassins de jardin<\/p>\n<p>05\u00a0: Les crevettes d\u2019eau de mer<\/p>\n<p>06\u00a0: Poissons d\u2019eau froide en Wallonie<\/p>\n<p>07\u00a0: Le climat<\/p>\n<p>08\u00a0: Les Cichlid\u00e9s nains d\u2019Am\u00e9rique<\/p>\n<p>09\u00a0: Les poissons d\u2019eau saum\u00e2tre<\/p>\n<p>10\u00a0: Les poissons d\u2019eau douce partie 1 \u2013 partie 2<\/p>\n<p>11\u00a0: Les poissons Arc- en -ciel<\/p>\n<p>Conditions\u00a0: forfait de 30\u20ac ou 40\u20ac suivant la distance. Mat\u00e9riel\u00a0: PowerPoint pr\u00e9voir beamer et \u00e9cran<\/p>\n<p><strong><u>Detrie Alain\u00a0:<\/u><\/strong>\u00a0 Gsm 047- \/ 48 84 21\u00a0 <a href=\"mailto:lemartinpecheur@hotmail.com\">lemartinpecheur@hotmail.com<\/a><\/p>\n<p>Les Xphophorus\u00a0 (formes sauvages)<\/p>\n<p>Conditions\u00a0: d\u00e9placement 50\u20ac<\/p>\n<p><strong><u>Duponcheel Maxime<\/u><\/strong><strong>\u00a0 <\/strong>\u00a0Gsm : 0474\/38 94 29\u00a0 <a href=\"mailto:Greenarea.info@gmail.com\">Greenarea.info@gmail.com<\/a><\/p>\n<p>01 : Plantes\u00a0 d\u2019aquarium, petits trucs et astuces<\/p>\n<p>02\u00a0: Plantes de bassin<\/p>\n<p>03\u00a0: Amazonie, le vrai et le faux sur les milieux aquatiques<\/p>\n<p>04\u00a0: Paludarium, l\u2019exquis voyage entre terre et eau<\/p>\n<p>05\u00a0: Les maladies, pr\u00e9venir et soigner efficacement<\/p>\n<p>06\u00a0: Poissons m\u00e9connus et amusants<\/p>\n<p>07\u00a0: Tanzanie fluviatile, entre crocodiles et Masa\u00ef<\/p>\n<p>08\u00a0: bien nourrir ses poissons<\/p>\n<p>09\u00a0: Les Melanotidae<\/p>\n<p>10\u00a0: Les Loricaridae<\/p>\n<p>11\u00a0: Les Pipidae<\/p>\n<p>12\u00a0: L\u00e9gislation aquariophile<br \/>\n<u>Conf\u00e9rences terrariophiles\u00a0<\/u>:<\/p>\n<p>01\u00a0: Introduction aux scorpions<\/p>\n<p>02\u00a0: Introduction aux pythons Mirella<\/p>\n<p>03\u00a0: Introduction aux Geckonidae<\/p>\n<p>Mat\u00e9riel\u00a0: pr\u00e9voir un PC, projecteur, \u00e9cran Conditions\u00a0: 50\u20ac + frais de d\u00e9placement<\/p>\n<p>Pas disponible en mai<\/p>\n<p><strong><u>Faucon Micha\u00ebl \u00a0<\/u><\/strong>\u00a0\u00a0\u00a0\u00a0<a href=\"mailto:Mika171819@gmail.com\">Mika171819@gmail.com<\/a><\/p>\n<p>01\u00a0:\u00a0Ensemencement des roches (r\u00e9cifs) (1h15)<\/p>\n<p>Mat\u00e9riel\u00a0: pr\u00e9voir \u00e9cran, c\u00e2bles, projecteur<\/p>\n<p>Conditions\u00a0: frais de d\u00e9placement , p\u00e9riodes indisponibles\u00a0: contacter le conf\u00e9rencier<\/p>\n<p><strong><u>Gr\u00e9goire Nicolas<\/u><\/strong>\u00a0: Gsm\u00a0: 0497\/50.10.40\u00a0\u00a0 Gr\u00e9goire2608@yahoo.fr<\/p>\n<p>01\u00a0: Badis Badis<\/p>\n<p>02\u00a0: anecdote\u00a0d&rsquo;un guide de l&rsquo;aquarium de Li\u00e8ge<\/p>\n<p>03\u00a0: L\u2019entrainement m\u00e9dical\u00a0: l\u2019int\u00e9r\u00eat, est-ce que c\u2019est possible\u00a0avec nos poissons\u00a0? oui, etc\u00a0 \u2026<\/p>\n<p>04\u00a0: En pr\u00e9paration\u00a0: les Guianacara.<\/p>\n<p>Conditions\u00a0: paiement du d\u00e9placement\u00a0; besoin d\u2019un projecteur vid\u00e9o et un \u00e9cran.<\/p>\n<p><strong><u>Herbreteau Michel\u00a0:<\/u><\/strong><strong>\u00a0 <\/strong><a href=\"mailto:Freemic08@gmail.com\">Freemic08@gmail.com<\/a>\u00a0 \u00a0 \u00a0 0033 604473456<\/p>\n<p>01\u00a0: Les Loricariidae<\/p>\n<p><strong><u>Joliet Ghislain \u00a0<\/u><\/strong>t\u00e9l\u00a0: 010\/61 55 15 <a href=\"mailto:ghislain.joliet@skynet.be\">ghislain.joliet@skynet.be<\/a><\/p>\n<p>01\u00a0: Water World \u2013 Installation et agencement\u00a0 de ma Fish-Room<\/p>\n<p>02\u00a0: Mes Cichlid\u00e9s nains\u00a0: r\u00e9cit d\u2019exp\u00e9riences, Apistos et autres nains<\/p>\n<p>03\u00a0: La chimie de l\u2019eau et les cycles biologiques (peut-\u00eatre scind\u00e9 en deux parties)<\/p>\n<p>04\u00a0: Les Art\u00e9mias<\/p>\n<p>Mat\u00e9riel\u00a0: \u00e9cran + beamer<\/p>\n<p>Conditions\u00a0: 0,40\u20ac\/km + bi\u00e8re \u00e0 l\u2019\u0153il<\/p>\n<p>Pr\u00e9venir longtemps \u00e0 l\u2019avance, d\u00e9placement maximum de 50km en semaine<\/p>\n<p><strong><u>Lurquin Guido<\/u><\/strong>\u00a0: (BBAT)\u00a0\u00a0\u00a0 lurquin@gmail.com<\/p>\n<p>Conf\u00e9rences sur les \u00e9tangs de jardin\u00a0:<\/p>\n<p>01\u00a0: Les meilleures plantes oxyg\u00e9nantes<\/p>\n<p>02\u00a0: Donnons une mare aux batraciens<\/p>\n<p>03\u00a0: Les meilleurs syst\u00e8mes de filtration pour les bassins<\/p>\n<p>04\u00a0: Une panoplie de n\u00e9nuphars pour nos pi\u00e8ces d\u2019eau<\/p>\n<p>05\u00a0: Am\u00e9nager un plan d\u2019eau pas \u00e0 pas<\/p>\n<p>06\u00a0: Mon plan d\u2019eau est\u00a0 d\u00e9fectueux, je recommence<\/p>\n<p>07\u00a0: Les plantes aquatiques exub\u00e9rantes \u00e0 contr\u00f4ler<\/p>\n<p>08\u00a0: Les meilleures plantes de marais<\/p>\n<p>09\u00a0: Les plantes flottantes et \u00e0 feuilles flottantes<\/p>\n<p>10\u00a0: Un \u00e9tang de natation dans le jardin<\/p>\n<p>11\u00a0: De l\u2019eau dans un petit jardin<\/p>\n<p>12\u00a0: Les 5 types de bassin<\/p>\n<p>13\u00a0: Le bassin id\u00e9al pour les Ko\u00efs<\/p>\n<p>14\u00a0: Les nouvelles tendances dans le jardin aquatique moderne<\/p>\n<p>15\u00a0: Accueillir des batraciens, des reptiles et des invert\u00e9br\u00e9s dans notre pi\u00e8ce d\u2019eau<\/p>\n<p>16\u00a0: Quels poissons pour notre plan d\u2019eau\u00a0?<\/p>\n<p>17\u00a0: Les plus beaux plans d\u2019eau de Belgique<\/p>\n<p>18\u00a0: R\u00e9ussir un jardin aquatique japonais<\/p>\n<p>19\u00a0: Des plantes aquatiques hors du commun<\/p>\n<p>20\u00a0: L\u2019entretien des plans d\u2019eau au cours des saisons<\/p>\n<p>21\u00a0: Les plantes aquatiques fleurissantes<\/p>\n<p>22\u00a0: La finition des bords des \u00e9tangs<\/p>\n<p>23\u00a0: Les vari\u00e9t\u00e9s de Ko\u00efs<\/p>\n<p>24\u00a0: Les plantes dans et autour de la pi\u00e8ce d\u2019eau<\/p>\n<p>25\u00a0: R\u00e9soudre mon probl\u00e8me de bassin\u00a0: questions fr\u00e9quemment pos\u00e9es<\/p>\n<p>26\u00a0: Plantes dans et autour de l\u2019\u00e9tang<\/p>\n<p>27\u00a0: Pas de jardin sans pi\u00e8ce d\u2019eau ou bassin \u00e9cologique<\/p>\n<p>28\u00a0: Les \u00e9tangs \u00e0 plantes, petits et grands augmentent la biodiversit\u00e9 de notre jardin<\/p>\n<p><u>Conf\u00e9rences sur l\u2019aquariophilie \/ terrarium<\/u>\u00a0:<\/p>\n<p>1\u00a0: La vie aquatique dans les Fjords et lacs en Su\u00e8de<\/p>\n<p>2\u00a0: Les plantes carnivores pour \u00e9tang, terrarium ou rebord de fen\u00eatre\u00a0: comment soigner<\/p>\n<p>3\u00a0: Les aquariums magnifiques de Wroclaw<\/p>\n<p>Mat\u00e9riel\u00a0: j\u2019apporte mon PC, besoin d\u2019un beamer et \u00e9cran<\/p>\n<p>Distance maximale de Louvain\u00a0: 100 km<\/p>\n<p>Conditions\u00a0: 60\u20ac + 0,37\u20ac du km \u00e0 rouler<\/p>\n<p><strong><u>Vannerom Ronny<\/u><\/strong>\u00a0 \u00a0\u00a0Gsm\u00a0: 0477\/75 32 93\u00a0\u00a0 ronny.vannerom@telenet.be<\/p>\n<p>01\u00a0: Guppy passion, de l\u2019initiation aux concours<\/p>\n<p>02\u00a0: Endlers \u2013 Les joyaux des Cara\u00efbes<\/p>\n<p>03\u00a0: Mexico, le plus grand aquarium du monde\u00a0?<\/p>\n<p>04\u00a0: Les Good\u00e9ides\u00a0: les dieuxdes poissons vivipares<\/p>\n<p>05\u00a0: Rendez-vous en terre inconnue\u00a0: Am\u00e9rique centrale\u00a0: partie 1<\/p>\n<p>06\u00a0: Rendez-vous en terre inconnue\u00a0: Am\u00e9rique centrale\u00a0: partie 2<\/p>\n<p>07\u00a0: Une main pleine de Poeciliinae<\/p>\n<p>08 : Les mousquetaires en dessous d\u2019\u00a0eau\u00a0: les Xiphophorus<\/p>\n<p>09\u00a0: Message in a plastic Bottle : une histoire am\u00e9ricaine<\/p>\n<p>10\u00a0: Les vivipares\u00a0: les pionniers de l\u2019aquariophilie<\/p>\n<p>11\u00a0: Les poissons du d\u00e9sert<\/p>\n<p>12\u00a0: Pirates of the Caribbean<\/p>\n<p>13\u00a0: Les Good\u00e9ides\u00a0: le retour des dieux des poissons vivipares<\/p>\n<p>14\u00a0: Plan G (pr\u00e9vu pour 2025)<\/p>\n<p>Dur\u00e9e des conf\u00e9rences\u00a0: 1h30 \u00e0 2h avec pause pr\u00e9vue<\/p>\n<p>Mat\u00e9riel\u00a0: conf\u00e9rences sur Power Point<\/p>\n<p>Condition\u00a0: contacter le conf\u00e9rencier pour les frais de transport<\/p>\n<p><strong><u>Vielvoye Daniel<\/u><\/strong>\u00a0\u00a0\u00a0 \u00a0\u00a0GSM : 0476\/41 79 68 (sms) dvielvoye@gmail.com<\/p>\n<p>1\u00a0: En route pour les Killies (de 1h30 \u00e0 2h30 sur demande) conf\u00e9rence gratuite<\/p>\n<p>2\u00a0: Nature, biologie et \u00e9levage<\/p>\n<p>3\u00a0: Les Fundulopanchax<\/p>\n<p>4\u00a0: Cohabitation Cichlid\u00e9s nains africains et Lampeyes<\/p>\n<p>5\u00a0: Aquariophilie dans un monde de brutes (grands Cichlid\u00e9s am\u00e9ricains mais non Amazonien \u2013 donc pas d\u2019astronaute ou de Cichla, Petenia \u2026)<\/p>\n<p>6\u00a0: L\u2019\u00e9levage des killies non saisonniers<\/p>\n<p>Mat\u00e9riel\u00a0: beamer, \u00e9cran<\/li>\n<\/ul>\n","protected":false},"excerpt":{"rendered":"<p>Conf\u00e9renciers ICAIF\u00a0 (Mise \u00e0 jour janvier 2025) Bastin Matthieu matthieu.j.bastin@gmail.com\u00a0 \u00a00472\/928060 01\u00a0: Ma Fish room Demat Rony \u00a0demat.rony@gmail.com 01\u00a0: Les nano aquariums de 10 \u00e0 60L 02\u00a0: L\u2019aquarium de Monaco (conf\u00e9rence qui peut se donner en une ou deux fois) 03\u00a0: Les plantes aquatiques, aper\u00e7u de leur biologie (90min) 04\u00a0:<span class=\"more-link\"><a href=\"https:\/\/icaif.org\/index.php\/nos-services\/les-conferenciers\/\">En savoir +<\/a><\/span><\/p>\n","protected":false},"author":1,"featured_media":0,"parent":302,"menu_order":1,"comment_status":"closed","ping_status":"closed","template":"","meta":{"footnotes":""},"class_list":["entry","author-admin7729","post-306","page","type-page","status-publish"],"_links":{"self":[{"href":"https:\/\/icaif.org\/index.php\/wp-json\/wp\/v2\/pages\/306","targetHints":{"allow":["GET"]}}],"collection":[{"href":"https:\/\/icaif.org\/index.php\/wp-json\/wp\/v2\/pages"}],"about":[{"href":"https:\/\/icaif.org\/index.php\/wp-json\/wp\/v2\/types\/page"}],"author":[{"embeddable":true,"href":"https:\/\/icaif.org\/index.php\/wp-json\/wp\/v2\/users\/1"}],"replies":[{"embeddable":true,"href":"https:\/\/icaif.org\/index.php\/wp-json\/wp\/v2\/comments?post=306"}],"version-history":[{"count":31,"href":"https:\/\/icaif.org\/index.php\/wp-json\/wp\/v2\/pages\/306\/revisions"}],"predecessor-version":[{"id":3207,"href":"https:\/\/icaif.org\/index.php\/wp-json\/wp\/v2\/pages\/306\/revisions\/3207"}],"up":[{"embeddable":true,"href":"https:\/\/icaif.org\/index.php\/wp-json\/wp\/v2\/pages\/302"}],"wp:attachment":[{"href":"https:\/\/icaif.org\/index.php\/wp-json\/wp\/v2\/media?parent=306"}],"curies":[{"name":"wp","href":"https:\/\/api.w.org\/{rel}","templated":true}]}}