{"id":302,"date":"2018-11-21T16:43:24","date_gmt":"2018-11-21T15:43:24","guid":{"rendered":"http:\/\/icaif.org\/?page_id=302"},"modified":"2018-11-21T17:45:07","modified_gmt":"2018-11-21T16:45:07","slug":"nos-services","status":"publish","type":"page","link":"https:\/\/icaif.org\/index.php\/nos-services\/","title":{"rendered":"Nos Services"},"content":{"rendered":"<p>En tant que membre affili\u00e9 aupr\u00e8s de l&rsquo;un de nos Clubs, vous b\u00e9n\u00e9ficiez de toute une s\u00e9rie d&rsquo;avantages dans le domaine aquariophile.<br \/>\nCette rubrique vous propose de d\u00e9couvrir les diff\u00e9rents services apport\u00e9s par l&rsquo;ICAIF<\/p>\n","protected":false},"excerpt":{"rendered":"<p>En tant que membre affili\u00e9 aupr\u00e8s de l&rsquo;un de nos Clubs, vous b\u00e9n\u00e9ficiez de toute une s\u00e9rie d&rsquo;avantages dans le domaine aquariophile. Cette rubrique vous propose de d\u00e9couvrir les diff\u00e9rents services apport\u00e9s par l&rsquo;ICAIF<span class=\"more-link\"><a href=\"https:\/\/icaif.org\/index.php\/nos-services\/\">En savoir +<\/a><\/span><\/p>\n","protected":false},"author":1,"featured_media":0,"parent":0,"menu_order":0,"comment_status":"closed","ping_status":"closed","template":"","meta":{"footnotes":""},"class_list":["entry","author-admin7729","post-302","page","type-page","status-publish"],"_links":{"self":[{"href":"https:\/\/icaif.org\/index.php\/wp-json\/wp\/v2\/pages\/302","targetHints":{"allow":["GET"]}}],"collection":[{"href":"https:\/\/icaif.org\/index.php\/wp-json\/wp\/v2\/pages"}],"about":[{"href":"https:\/\/icaif.org\/index.php\/wp-json\/wp\/v2\/types\/page"}],"author":[{"embeddable":true,"href":"https:\/\/icaif.org\/index.php\/wp-json\/wp\/v2\/users\/1"}],"replies":[{"embeddable":true,"href":"https:\/\/icaif.org\/index.php\/wp-json\/wp\/v2\/comments?post=302"}],"version-history":[{"count":2,"href":"https:\/\/icaif.org\/index.php\/wp-json\/wp\/v2\/pages\/302\/revisions"}],"predecessor-version":[{"id":321,"href":"https:\/\/icaif.org\/index.php\/wp-json\/wp\/v2\/pages\/302\/revisions\/321"}],"wp:attachment":[{"href":"https:\/\/icaif.org\/index.php\/wp-json\/wp\/v2\/media?parent=302"}],"curies":[{"name":"wp","href":"https:\/\/api.w.org\/{rel}","templated":true}]}}