{"id":298,"date":"2018-11-21T16:39:30","date_gmt":"2018-11-21T15:39:30","guid":{"rendered":"http:\/\/icaif.org\/?page_id=298"},"modified":"2023-04-24T13:18:39","modified_gmt":"2023-04-24T11:18:39","slug":"creer-votre-club","status":"publish","type":"page","link":"https:\/\/icaif.org\/index.php\/icaif\/creer-votre-club\/","title":{"rendered":"Cr\u00e9er votre Club ?"},"content":{"rendered":"<h2><strong>Et pourquoi ne pas cr\u00e9er votre Club ?<\/strong><\/h2>\n<p>Vous \u00eates une petite dizaine d&rsquo;amis f\u00e9rus d&rsquo;aquariophilie et vous souhaitez vous regrouper pour partager votre passion !<br \/>\nPourquoi ne pas cr\u00e9er votre club et nous rejoindre au sein de l&rsquo;Interclubs d&rsquo;Aquariophilie et d&rsquo;Ichtyologie Francophone ? Une ASBL (Association sans but lucratif) regroupant une quinzaine de clubs belges et fran\u00e7ais.<br \/>\nNous vous accueillerions bien volontier ! Mais avant d&rsquo;envisager une telle adh\u00e9sion, vous devriez d&rsquo;ores et d\u00e9j\u00e0 disposer d&rsquo;un embryon de comit\u00e9 : un pr\u00e9sident, un tr\u00e9sorier et un(e) secr\u00e9taire.<br \/>\nUn autre imp\u00e9ratif \u00a0est de pouvoir b\u00e9n\u00e9ficier d&rsquo;un local pour vous rencontrer !<br \/>\nCes derni\u00e8res conditions remplies et si cette proposition vous tente, l&rsquo;ICAIF peut vous aider \u00e0 la concr\u00e9tiser !<\/p>\n<p><strong>Nous pouvons vous aider de mani\u00e8re administrative :<\/strong><\/p>\n<ul>\n<li>En d\u00e9terminant avec vous la structure de club la plus adapt\u00e9e : ASBL, Association de fait &#8230;<\/li>\n<li>En vous aidant \u00e0 concevoir vos futurs status.<\/li>\n<li>En vous guidant dans les diff\u00e9rentes d\u00e9marches administratives \u00e0 entreprendre.<\/li>\n<li>En vous conseillant, si n\u00e9cessaire, sur la mani\u00e8re de remplir certaines fonctions cl\u00e9s.<\/li>\n<\/ul>\n<p><strong>Nous pouvons, apr\u00e8s votre adh\u00e9sion au sein de l&rsquo;Icaif, vous aider d&rsquo;un point de vue p\u00e9cuniaire :<\/strong><\/p>\n<ul>\n<li>Chaque nouveau club adh\u00e9rant \u00e0 l\u2019I.C. et repr\u00e9sent\u00e9 aux deux r\u00e9unions g\u00e9n\u00e9rales, b\u00e9n\u00e9ficiera de 2 conf\u00e9rences annuelles gratuites pendant deux ans soit 4 conf\u00e9rences<br \/>\nr\u00e9parties sur deux ans (70\u20ac maximum\/conf\u00e9rence).<br \/>\nNB : une conf\u00e9rence donn\u00e9e, dans les 3 mois de l&rsquo;adh\u00e9sion du nouveau club \u00e0 l&rsquo;ICAIF, par un de nos conf\u00e9renciers, pourra \u00eatre rembours\u00e9e de mani\u00e8re r\u00e9troactive, suivant les r\u00e8gles d\u00e9finies ci-avant.<\/li>\n<\/ul>\n<p><strong>Nous pourrions \u00e9galement vous aider au d\u00e9marrage d&rsquo;une biblioth\u00e8que de club en vous offrant :<\/strong><\/p>\n<ul>\n<li>Un classeur contenant les 8 derniers num\u00e9ros d&rsquo;Aquafauna<\/li>\n<li>10 lots de 10 anciens Aquafauna r\u00e9cents<\/li>\n<li>Une s\u00e9rie des Aquafauna \u00e9dit\u00e9s ces 10 derni\u00e8res ann\u00e9es (suivant disponibilit\u00e9).<\/li>\n<li>Nous vous rappelons que notre revue Aquafauna est distribu\u00e9e gratuitement \u00e0 chacun des membres d&rsquo;un club de l&rsquo;ICAIF.<\/li>\n<\/ul>\n<p><strong>Vous souhaitez un compl\u00e9ment d&rsquo;informations<\/strong> sur les avantages offerts par l&rsquo;ICAIF, sur son fonctionnement ou sur le co\u00fbt symbolique (7\u20ac) d&rsquo;une telle adh\u00e9sion ? Alors n&rsquo;h\u00e9sitez pas \u00e0 prendre contact avec notre Pr\u00e9sident Rony Demat\u00a0 ou un autre membre du Conseil d&rsquo;Administration, tous se feront un plaisir de vous apporter les pr\u00e9cisions souhait\u00e9es.<\/p>\n<p>Toutes ces personnes sont disponibles via la rubrique : CONTACT<\/p>\n<div id=\"ConnectiveDocSignExtentionInstalled\" data-extension-version=\"1.0.4\"><\/div>\n","protected":false},"excerpt":{"rendered":"<p>Et pourquoi ne pas cr\u00e9er votre Club ? Vous \u00eates une petite dizaine d&rsquo;amis f\u00e9rus d&rsquo;aquariophilie et vous souhaitez vous regrouper pour partager votre passion ! Pourquoi ne pas cr\u00e9er votre club et nous rejoindre au sein de l&rsquo;Interclubs d&rsquo;Aquariophilie et d&rsquo;Ichtyologie Francophone ? Une ASBL (Association sans but lucratif)<span class=\"more-link\"><a href=\"https:\/\/icaif.org\/index.php\/icaif\/creer-votre-club\/\">En savoir +<\/a><\/span><\/p>\n","protected":false},"author":1,"featured_media":0,"parent":54,"menu_order":3,"comment_status":"closed","ping_status":"closed","template":"","meta":{"footnotes":""},"class_list":["entry","author-admin7729","post-298","page","type-page","status-publish"],"_links":{"self":[{"href":"https:\/\/icaif.org\/index.php\/wp-json\/wp\/v2\/pages\/298","targetHints":{"allow":["GET"]}}],"collection":[{"href":"https:\/\/icaif.org\/index.php\/wp-json\/wp\/v2\/pages"}],"about":[{"href":"https:\/\/icaif.org\/index.php\/wp-json\/wp\/v2\/types\/page"}],"author":[{"embeddable":true,"href":"https:\/\/icaif.org\/index.php\/wp-json\/wp\/v2\/users\/1"}],"replies":[{"embeddable":true,"href":"https:\/\/icaif.org\/index.php\/wp-json\/wp\/v2\/comments?post=298"}],"version-history":[{"count":4,"href":"https:\/\/icaif.org\/index.php\/wp-json\/wp\/v2\/pages\/298\/revisions"}],"predecessor-version":[{"id":2797,"href":"https:\/\/icaif.org\/index.php\/wp-json\/wp\/v2\/pages\/298\/revisions\/2797"}],"up":[{"embeddable":true,"href":"https:\/\/icaif.org\/index.php\/wp-json\/wp\/v2\/pages\/54"}],"wp:attachment":[{"href":"https:\/\/icaif.org\/index.php\/wp-json\/wp\/v2\/media?parent=298"}],"curies":[{"name":"wp","href":"https:\/\/api.w.org\/{rel}","templated":true}]}}