{"id":2,"date":"2018-11-16T12:48:24","date_gmt":"2018-11-16T11:48:24","guid":{"rendered":"http:\/\/icaif.org\/?page_id=2"},"modified":"2018-11-16T17:09:40","modified_gmt":"2018-11-16T16:09:40","slug":"page-d-exemple","status":"publish","type":"page","link":"https:\/\/icaif.org\/index.php\/icaif\/page-d-exemple\/","title":{"rendered":"Notre  but"},"content":{"rendered":"<div>\n<blockquote>\n<div><strong>Notre raison d&rsquo;\u00eatre<\/strong><\/div>\n<\/blockquote>\n<div><\/div>\n<div>L&rsquo;ICAIF est un lieu de rassemblement de celles et ceux qui, dans nos douces contr\u00e9es, se passionnent pour la vie aquatique \u00e0 travers l&rsquo;aquariophilie et l&rsquo;ichtyologie, que ce soit en eaux fluviatiles, lacustres ou marines.<br \/>\nEn outre, les passionn\u00e9s de terrariums nous rejoignent de plus en plus fr\u00e9quement.<\/div>\n<div><\/div>\n<div>Se conna\u00eetre et partager nos connaissances et le fruit de notre exp\u00e9rience en toutes ces mati\u00e8res : tel est notre but premier.<\/div>\n<div><\/div>\n<div>De quels moyens disposons-nous\u00a0en vue de r\u00e9aliser notre but ?<\/div>\n<ul>\n<li>Des r\u00e9unions<\/li>\n<li>Des conf\u00e9rences<\/li>\n<li>Des d\u00e9bats<\/li>\n<li>Divers contacts<\/li>\n<li>Un site internet<\/li>\n<li>Une page Facebook<\/li>\n<li>Des bourse d&rsquo;\u00e9change<\/li>\n<li>Une biblioth\u00e8que<\/li>\n<li>\u00a0Des publications internes<\/li>\n<li>Des publications externes<\/li>\n<li>Une phototh\u00e8que<\/li>\n<li>Des expositions<\/li>\n<li>Des voyages organis\u00e9s<\/li>\n<li>Des congr\u00e8s<\/li>\n<li>Des relations avec les associations europ\u00e9ennes et autres qui partagent les m\u00eames buts<\/li>\n<li>Etc&#8230;<\/li>\n<\/ul>\n<\/div>\n","protected":false},"excerpt":{"rendered":"<p>Notre raison d&rsquo;\u00eatre L&rsquo;ICAIF est un lieu de rassemblement de celles et ceux qui, dans nos douces contr\u00e9es, se passionnent pour la vie aquatique \u00e0 travers l&rsquo;aquariophilie et l&rsquo;ichtyologie, que ce soit en eaux fluviatiles, lacustres ou marines. En outre, les passionn\u00e9s de terrariums nous rejoignent de plus en plus<span class=\"more-link\"><a href=\"https:\/\/icaif.org\/index.php\/icaif\/page-d-exemple\/\">En savoir +<\/a><\/span><\/p>\n","protected":false},"author":1,"featured_media":0,"parent":54,"menu_order":1,"comment_status":"closed","ping_status":"open","template":"","meta":{"footnotes":""},"class_list":["entry","author-admin7729","post-2","page","type-page","status-publish"],"_links":{"self":[{"href":"https:\/\/icaif.org\/index.php\/wp-json\/wp\/v2\/pages\/2","targetHints":{"allow":["GET"]}}],"collection":[{"href":"https:\/\/icaif.org\/index.php\/wp-json\/wp\/v2\/pages"}],"about":[{"href":"https:\/\/icaif.org\/index.php\/wp-json\/wp\/v2\/types\/page"}],"author":[{"embeddable":true,"href":"https:\/\/icaif.org\/index.php\/wp-json\/wp\/v2\/users\/1"}],"replies":[{"embeddable":true,"href":"https:\/\/icaif.org\/index.php\/wp-json\/wp\/v2\/comments?post=2"}],"version-history":[{"count":1,"href":"https:\/\/icaif.org\/index.php\/wp-json\/wp\/v2\/pages\/2\/revisions"}],"predecessor-version":[{"id":28,"href":"https:\/\/icaif.org\/index.php\/wp-json\/wp\/v2\/pages\/2\/revisions\/28"}],"up":[{"embeddable":true,"href":"https:\/\/icaif.org\/index.php\/wp-json\/wp\/v2\/pages\/54"}],"wp:attachment":[{"href":"https:\/\/icaif.org\/index.php\/wp-json\/wp\/v2\/media?parent=2"}],"curies":[{"name":"wp","href":"https:\/\/api.w.org\/{rel}","templated":true}]}}