{"id":198,"date":"2018-11-17T23:39:46","date_gmt":"2018-11-17T22:39:46","guid":{"rendered":"http:\/\/icaif.org\/?page_id=198"},"modified":"2018-11-17T23:39:46","modified_gmt":"2018-11-17T22:39:46","slug":"presentation","status":"publish","type":"page","link":"https:\/\/icaif.org\/index.php\/feuillets-interclubs\/presentation\/","title":{"rendered":"Pr\u00e9sentation"},"content":{"rendered":"<p><img decoding=\"async\" class=\"alignleft\" src=\"https:\/\/www.icaif.be\/uploaded\/feuillet\/2017-02-a.jpg\" alt=\"\" \/>Le Feuillet Interclubs est un bulletin mensuel (sauf juillet-ao\u00fbt) destin\u00e9 \u00e0 l\u2019information des clubs.<br \/>\nIl est \u00e9dit\u00e9 par voie \u00e9lectronique ou postale et adress\u00e9 aux divers responsables de clubs.<br \/>\nIl contient les th\u00e8mes de r\u00e9unions des clubs, leurs activit\u00e9s sp\u00e9ciales et leurs petites annonces<br \/>\nindividuelles.<\/p>\n<p>Pour toute demande de renseignements ou d\u00e9p\u00f4t de petites annonces (<em>membres de clubs aquariophiles uniquement<\/em>) pour le Feuillet InterClubs :<br \/>\n<strong>Serge Sirjacq<\/strong>\u00a0\u00a0 <strong>T\u00e9l : +32(0)67 48 53 17<\/strong><\/p>\n<p><strong>ATTENTION : pour \u00eatre publi\u00e9s \u00e0 temps, les textes des annonces de vos r\u00e9unions mensuelles doivent IMPERATIVEMENT parvenir chez le responsable AVANT LE 15 DU MOIS QUI PR\u00c9C\u00c8DE LE MOIS DE VOTRE R\u00c9UNION.<\/strong><\/p>\n","protected":false},"excerpt":{"rendered":"<p>Le Feuillet Interclubs est un bulletin mensuel (sauf juillet-ao\u00fbt) destin\u00e9 \u00e0 l\u2019information des clubs. Il est \u00e9dit\u00e9 par voie \u00e9lectronique ou postale et adress\u00e9 aux divers responsables de clubs. Il contient les th\u00e8mes de r\u00e9unions des clubs, leurs activit\u00e9s sp\u00e9ciales et leurs petites annonces individuelles. Pour toute demande de renseignements<span class=\"more-link\"><a href=\"https:\/\/icaif.org\/index.php\/feuillets-interclubs\/presentation\/\">En savoir +<\/a><\/span><\/p>\n","protected":false},"author":1,"featured_media":0,"parent":193,"menu_order":1,"comment_status":"closed","ping_status":"closed","template":"","meta":{"footnotes":""},"class_list":["entry","author-admin7729","post-198","page","type-page","status-publish"],"_links":{"self":[{"href":"https:\/\/icaif.org\/index.php\/wp-json\/wp\/v2\/pages\/198","targetHints":{"allow":["GET"]}}],"collection":[{"href":"https:\/\/icaif.org\/index.php\/wp-json\/wp\/v2\/pages"}],"about":[{"href":"https:\/\/icaif.org\/index.php\/wp-json\/wp\/v2\/types\/page"}],"author":[{"embeddable":true,"href":"https:\/\/icaif.org\/index.php\/wp-json\/wp\/v2\/users\/1"}],"replies":[{"embeddable":true,"href":"https:\/\/icaif.org\/index.php\/wp-json\/wp\/v2\/comments?post=198"}],"version-history":[{"count":1,"href":"https:\/\/icaif.org\/index.php\/wp-json\/wp\/v2\/pages\/198\/revisions"}],"predecessor-version":[{"id":199,"href":"https:\/\/icaif.org\/index.php\/wp-json\/wp\/v2\/pages\/198\/revisions\/199"}],"up":[{"embeddable":true,"href":"https:\/\/icaif.org\/index.php\/wp-json\/wp\/v2\/pages\/193"}],"wp:attachment":[{"href":"https:\/\/icaif.org\/index.php\/wp-json\/wp\/v2\/media?parent=198"}],"curies":[{"name":"wp","href":"https:\/\/api.w.org\/{rel}","templated":true}]}}