{"id":186,"date":"2018-11-17T19:35:41","date_gmt":"2018-11-17T18:35:41","guid":{"rendered":"http:\/\/icaif.org\/?page_id=186"},"modified":"2023-10-15T10:23:34","modified_gmt":"2023-10-15T08:23:34","slug":"revue-aquafauna","status":"publish","type":"page","link":"https:\/\/icaif.org\/index.php\/revue-aquafauna\/","title":{"rendered":"Revue Aquafauna"},"content":{"rendered":"<blockquote><p><strong>La revue AQUAFAUNA<\/strong><\/p><\/blockquote>\n<p>L&rsquo;ICAIF publie une revue trimestrielle sp\u00e9cialis\u00e9e, Aquafauna, s&rsquo;adressant\u00a0 aux passionn\u00e9s d&rsquo;aquariophilie: biotopes naturels, eau de mer, eau douce,\u00a0 techniques, etc. Cette revue est distribu\u00e9e aux membres des clubs associ\u00e9s. L&rsquo;abonnement \u00e0 titre individuel est \u00e9galement propos\u00e9 tant en Belgique qu&rsquo;\u00e0 l&rsquo;\u00e9tranger aux conditions reprises ci-dessous.<br \/>\nIl est \u00e9galement possible de commander s\u00e9par\u00e9ment d&rsquo;anciens num\u00e9ros d\u00e9j\u00e0 parus dans la boutique.<\/p>\n<p><strong>Prix des\u00a0anciens num\u00e9ros :<\/strong><br \/>\nPrix des anciens N\u00b0 d&rsquo;Aquafauna Ann\u00e9e en cours : 3 \u20ac<br \/>\nDe plus de 12 mois : 1 \u20ac<br \/>\nDe plus de 24 mois : 0, 5 \u20ac<\/p>\n<p>Frais de port pour la Belgique\u00a0\u00a0\u00a0\u00a0\u00a0\u00a0\u00a0 Frais de port pour l&rsquo;\u00e9tranger<br \/>\nPour 1 \u00e0 3 revues\u00a0\u00a0\u00a0\u00a0\u00a0\u00a0\u00a0\u00a0\u00a0\u00a0\u00a0\u00a0\u00a0\u00a0\u00a0\u00a0\u00a0\u00a0\u00a0\u00a0\u00a0\u00a0\u00a0\u00a0\u00a0\u00a0\u00a0\u00a0\u00a0\u00a0 2,10 \u20ac\u00a0\u00a0\u00a0\u00a0\u00a0\u00a0\u00a0\u00a0\u00a0\u00a0\u00a0\u00a0\u00a0\u00a0\u00a0\u00a0\u00a0\u00a0\u00a0\u00a0\u00a0\u00a0\u00a0\u00a0\u00a0\u00a0\u00a0\u00a0\u00a0\u00a0\u00a0\u00a0\u00a0\u00a0\u00a0\u00a0\u00a0\u00a0 6,42 \u20ac<br \/>\nPour 4 \u00e0 8 revues\u00a0\u00a0\u00a0\u00a0\u00a0\u00a0\u00a0\u00a0\u00a0\u00a0\u00a0\u00a0\u00a0\u00a0\u00a0\u00a0\u00a0\u00a0\u00a0\u00a0\u00a0\u00a0\u00a0\u00a0\u00a0\u00a0\u00a0\u00a0\u00a0 3,50 \u20ac\u00a0\u00a0\u00a0\u00a0\u00a0\u00a0\u00a0\u00a0\u00a0\u00a0\u00a0\u00a0\u00a0\u00a0\u00a0\u00a0\u00a0\u00a0\u00a0\u00a0\u00a0\u00a0\u00a0\u00a0\u00a0\u00a0\u00a0\u00a0\u00a0\u00a0\u00a0\u00a0\u00a0\u00a0\u00a0\u00a0 10,70 \u20ac<br \/>\nPour 9 \u00e0 16 revues\u00a0\u00a0\u00a0\u00a0\u00a0\u00a0\u00a0\u00a0\u00a0\u00a0\u00a0\u00a0\u00a0\u00a0\u00a0\u00a0\u00a0\u00a0\u00a0\u00a0\u00a0\u00a0\u00a0\u00a0\u00a0\u00a0\u00a0 4,90 \u20ac\u00a0\u00a0\u00a0\u00a0\u00a0\u00a0\u00a0\u00a0\u00a0\u00a0\u00a0\u00a0\u00a0\u00a0\u00a0\u00a0\u00a0\u00a0\u00a0\u00a0\u00a0\u00a0\u00a0\u00a0\u00a0\u00a0\u00a0\u00a0\u00a0\u00a0\u00a0\u00a0\u00a0\u00a0\u00a0\u00a0\u00a0 21,40 \u20ac<\/p>\n<p><strong>Classeurs : 6 \u20ac<\/strong><\/p>\n<p><img decoding=\"async\" src=\"https:\/\/www.icaif.be\/uploaded\/Aquafauna\/reliure.jpg\" alt=\"\" \/><\/p>\n<p>Frais de port Belgique\u00a0\u00a0\u00a0\u00a0\u00a0\u00a0\u00a0\u00a0\u00a0\u00a0\u00a0\u00a0\u00a0 Frais de port pour l&rsquo;\u00e9tranger<br \/>\n1 \u00e0 7 classeurs\u00a0\u00a0\u00a0\u00a0\u00a0\u00a0\u00a0\u00a0\u00a0\u00a0\u00a0\u00a0\u00a0\u00a0\u00a0\u00a0\u00a0\u00a0\u00a0\u00a0\u00a0\u00a0\u00a0\u00a0\u00a0\u00a0\u00a0\u00a0 6,50 \u20ac\u00a0\u00a0\u00a0\u00a0\u00a0\u00a0\u00a0\u00a0\u00a0\u00a0\u00a0\u00a0\u00a0\u00a0\u00a0\u00a0\u00a0\u00a0\u00a0\u00a0\u00a0\u00a0\u00a0\u00a0\u00a0\u00a0\u00a0\u00a0\u00a0\u00a0\u00a0\u00a0\u00a0\u00a0\u00a0\u00a0\u00a0\u00a0\u00a0\u00a0\u00a0\u00a0\u00a0 &#8211;<br \/>\n1 \u00e0 3 classeurs\u00a0\u00a0\u00a0\u00a0\u00a0\u00a0\u00a0\u00a0\u00a0\u00a0\u00a0\u00a0\u00a0\u00a0\u00a0\u00a0\u00a0\u00a0\u00a0\u00a0\u00a0\u00a0\u00a0\u00a0\u00a0\u00a0\u00a0\u00a0\u00a0\u00a0 &#8211;\u00a0\u00a0\u00a0\u00a0\u00a0\u00a0\u00a0\u00a0\u00a0\u00a0\u00a0\u00a0\u00a0\u00a0\u00a0\u00a0\u00a0\u00a0\u00a0\u00a0\u00a0\u00a0\u00a0\u00a0\u00a0\u00a0\u00a0\u00a0\u00a0\u00a0\u00a0\u00a0\u00a0\u00a0\u00a0\u00a0\u00a0\u00a0\u00a0\u00a0\u00a0\u00a0\u00a0 13,50 \u20ac<br \/>\n4 \u00e0 7 classeurs\u00a0\u00a0\u00a0\u00a0\u00a0\u00a0\u00a0\u00a0\u00a0\u00a0\u00a0\u00a0\u00a0\u00a0\u00a0\u00a0\u00a0\u00a0\u00a0\u00a0\u00a0\u00a0\u00a0\u00a0\u00a0\u00a0\u00a0\u00a0\u00a0\u00a0 &#8211;\u00a0\u00a0\u00a0\u00a0\u00a0\u00a0\u00a0\u00a0\u00a0\u00a0\u00a0\u00a0\u00a0\u00a0\u00a0\u00a0\u00a0\u00a0\u00a0\u00a0\u00a0\u00a0\u00a0\u00a0\u00a0\u00a0\u00a0\u00a0\u00a0\u00a0\u00a0\u00a0\u00a0\u00a0\u00a0\u00a0\u00a0\u00a0\u00a0\u00a0\u00a0\u00a0\u00a0 17,40 \u20ac<\/p>\n<p><strong>PRIX\u00a0DES\u00a0CLASSEURS\u00a0AQUAFAUNA (pour 12 num\u00e9ros)<\/strong><br \/>\nBelgique:\u00a0\u00a0&#8212;&#8211;&gt; 1 classeur 6,00 \u20ac + frais de port (1 \u00e0 7 classeurs)\u00a0= <strong>12,50 \u20ac\u00a0<\/strong><br \/>\nex.:\u00a02 classeurs (2&#215;6,00 \u20ac) + frais de port\u00a0 =\u00a0 <strong>18,50 \u20ac<br \/>\n<\/strong>Le reste de l&rsquo;EU : &#8212;&#8212;&gt;\u00a0 1 classeur 6,00 \u20ac + frais de port (1 \u00e0 3 classeurs)\u00a0= <strong>14,00 \u20ac <\/strong><\/p>\n<p>ex: 2 classeurs (2&#215;6,00 \u20ac) + frais de port\u00a0 =\u00a0 <strong>20,00 \u20ac\u00a0\u00a0<\/strong>frais de port de 4 \u00e0 7 classeurs<strong> = 17,40 \u20ac<\/strong><\/p>\n<p>Paiement par virement, ch\u00e8que ou mandat avec la mention \u00a0\u00bb Pour l&rsquo; (les) ancien(s)\u00a0 N\u00b0 &#8230; \u00a0\u00bb<br \/>\nProfitez de votre visite \u00e0 la Bourse de\u00a0Belgrade pour compl\u00e9ter votre collection de revues Aquafauna, des r\u00e9ductions importantes sont pr\u00e9vues pour l&rsquo;achat des anciens num\u00e9ros.<\/p>\n<p><strong>Abonnements\u00a0<\/strong><br \/>\n<strong>Tarif<\/strong> (1 ann\u00e9e &#8211; 4 num\u00e9ros &#8211; frais de port inclus)<br \/>\nBelgique\u00a0\u00a0\u00a016 \u20ac\u00a0\u00a0 (par virement bancaire)<br \/>\nAutres pays\u00a0\u00a0 23 \u20ac\u00a0\u00a0 (par virement bancaire ou mandat poste international)<\/p>\n<p><strong>Virement bancaire\u00a0<\/strong><br \/>\nLe montant total est \u00e0 verser sur le compte:<br \/>\nBIC: <strong>GEBABEBB<\/strong><br \/>\nIBAN: <strong>BE77 0015 7488 6542\u00a0<\/strong><br \/>\nL&rsquo;Hoir Michel<br \/>\navec la mention \u00ab\u00a0Abonnement Aquafauna\u00a0\u00bb Route d&rsquo;Eugies, 35<br \/>\nB-7000 Mons<\/p>\n<p><strong>Ch\u00e8que barr\u00e9<\/strong> (France uniquement) <strong>ou mandat poste international\u00a0<\/strong><br \/>\n\u00e0 adresser \u00e0:<br \/>\nAquafauna &#8211; Association Aquafauna<br \/>\nL&rsquo;Hoir Michel<br \/>\nRoute d&rsquo;Eugies, 35<br \/>\nB-7000\u00a0Mons<\/p>\n<div><\/div>\n<div id=\"ConnectiveDocSignExtentionInstalled\" data-extension-version=\"1.0.4\"><\/div>\n","protected":false},"excerpt":{"rendered":"<p>La revue AQUAFAUNA L&rsquo;ICAIF publie une revue trimestrielle sp\u00e9cialis\u00e9e, Aquafauna, s&rsquo;adressant\u00a0 aux passionn\u00e9s d&rsquo;aquariophilie: biotopes naturels, eau de mer, eau douce,\u00a0 techniques, etc. Cette revue est distribu\u00e9e aux membres des clubs associ\u00e9s. L&rsquo;abonnement \u00e0 titre individuel est \u00e9galement propos\u00e9 tant en Belgique qu&rsquo;\u00e0 l&rsquo;\u00e9tranger aux conditions reprises ci-dessous. Il est<span class=\"more-link\"><a href=\"https:\/\/icaif.org\/index.php\/revue-aquafauna\/\">En savoir +<\/a><\/span><\/p>\n","protected":false},"author":1,"featured_media":0,"parent":0,"menu_order":0,"comment_status":"closed","ping_status":"closed","template":"","meta":{"footnotes":""},"class_list":["entry","author-admin7729","post-186","page","type-page","status-publish"],"_links":{"self":[{"href":"https:\/\/icaif.org\/index.php\/wp-json\/wp\/v2\/pages\/186","targetHints":{"allow":["GET"]}}],"collection":[{"href":"https:\/\/icaif.org\/index.php\/wp-json\/wp\/v2\/pages"}],"about":[{"href":"https:\/\/icaif.org\/index.php\/wp-json\/wp\/v2\/types\/page"}],"author":[{"embeddable":true,"href":"https:\/\/icaif.org\/index.php\/wp-json\/wp\/v2\/users\/1"}],"replies":[{"embeddable":true,"href":"https:\/\/icaif.org\/index.php\/wp-json\/wp\/v2\/comments?post=186"}],"version-history":[{"count":5,"href":"https:\/\/icaif.org\/index.php\/wp-json\/wp\/v2\/pages\/186\/revisions"}],"predecessor-version":[{"id":2909,"href":"https:\/\/icaif.org\/index.php\/wp-json\/wp\/v2\/pages\/186\/revisions\/2909"}],"wp:attachment":[{"href":"https:\/\/icaif.org\/index.php\/wp-json\/wp\/v2\/media?parent=186"}],"curies":[{"name":"wp","href":"https:\/\/api.w.org\/{rel}","templated":true}]}}