{"id":1461,"date":"2020-07-15T13:19:00","date_gmt":"2020-07-15T11:19:00","guid":{"rendered":"http:\/\/icaif.org\/?page_id=1461"},"modified":"2020-07-23T13:44:04","modified_gmt":"2020-07-23T11:44:04","slug":"inscription-banquet-2020-nl","status":"publish","type":"page","link":"https:\/\/icaif.org\/index.php\/inscription-banquet-2020-nl\/","title":{"rendered":"Inscription Banquet 2020 (NL)"},"content":{"rendered":"<div class=\"entry-content clearfix\">\n<blockquote>\n<p style=\"text-align: center;\"><strong>Congres 2020\u00a0\u00a0\u00a0\u00a0<\/strong>Zondag \u00a015\/11\/2020<\/p>\n<\/blockquote>\n<p style=\"text-align: center;\">De Franstalige Federatie ICAIF en de Botia Club organiseren een lunch<\/p>\n<blockquote>\n<p style=\"text-align: center;\"><strong>Banket Menu\u00a0 (28\u20ac)<\/strong><\/p>\n<p style=\"text-align: center;\">Aperitif<\/p>\n<p style=\"text-align: center;\">Zakouskis<\/p>\n<p style=\"text-align: center;\">Zalm terug eenzijdig, groenten<\/p>\n<p style=\"text-align: center;\">Varkensfilet, Leffe saus,<br \/>\nSeizoen groenten, gratin dauphinois<\/p>\n<p style=\"text-align: center;\">Taart\u00a0\u00a0\u00a0\u00a0 Koffie<\/p>\n<\/blockquote>\n<\/div>\n<p>Pour vous inscrire \u00e0 ce repas, veuillez compl\u00e9ter le formulaire ci-dessous (ou t\u00e9l\u00e9charger le document <a href=\"https:\/\/icaif.org\/wp-content\/uploads\/2020\/07\/Inscription-NL02.pdf\" target=\"_blank\" rel=\"noopener\">au format pdf<\/a> et nous le retourner)<\/p>\n<p>&nbsp;<\/p>\n<p><code>\r\n        \r\n\r\n                <form class=\"wpuf-form-add weforms-1451  wpuf-style\" action=\"\" method=\"post\"   id=\"\">\r\n\r\n            <ul class=\"wpuf-form form-label-above\">\r\n\r\n                        <li class=\"wpuf-el nom___pr_nom field-size-large\" data-label=\"Naam &amp; Voornaam\">\r\n                    <div class=\"wpuf-label\">\r\n            <label for=\"nom___pr_nom_1451\">Naam &amp; Voornaam <span class=\"required\">*<\/span><\/label>\r\n        <\/div>\r\n        \r\n            <div class=\"wpuf-fields\">\r\n                <div class=\"wpuf-name-field-wrap format-first-last\" data-style=\"wpuf-style\">\r\n                    <div class=\"wpuf-name-field-first-name\">\r\n                        <input\r\n                            name=\"nom___pr_nom[first]\"\r\n                            type=\"text\"\r\n                            placeholder=\"\"\r\n                            value=\"\"\r\n                            size=\"40\"\r\n                            data-required=\"yes\"\r\n                            data-type=\"text\"\r\n                            data-style=\"wpuf-style\"\r\n                            class=\"textfield wpuf_nom___pr_nom_1451\"\r\n                            autocomplete=\"given-name\"\r\n                        >\r\n                                                    <label class=\"wpuf-form-sub-label\" data-style=\"wpuf-style\">First<\/label>\r\n                                            <\/div>\r\n\r\n                                            <input type=\"hidden\" name=\"nom___pr_nom[middle]\" value=\"\">\r\n                    \r\n                    <div class=\"wpuf-name-field-last-name\">\r\n                        <input\r\n                            name=\"nom___pr_nom[last]\"\r\n                            type=\"text\" class=\"textfield\"\r\n                            placeholder=\"\"\r\n                            value=\"\"\r\n                            size=\"40\"\r\n                            autocomplete=\"family-name\"\r\n                            data-style=\"wpuf-style\"\r\n                        >\r\n                                                    <label class=\"wpuf-form-sub-label\" data-style=\"wpuf-style\">Last<\/label>\r\n                                            <\/div>\r\n                <\/div>\r\n                            <\/div>\r\n        <\/li>\r\n                <li class=\"wpuf-el rue___num_ro field-size-large\" data-label=\"Straat en n\u00b0\">\r\n                    <div class=\"wpuf-label\">\r\n            <label for=\"rue___num_ro_1451\">Straat en n\u00b0 <span class=\"required\">*<\/span><\/label>\r\n        <\/div>\r\n        \r\n            <div class=\"wpuf-fields\">\r\n                <input\r\n                    class=\"textfield wpuf_rue___num_ro_1451\"\r\n                    id=\"rue___num_ro_1451\"\r\n                    type=\"text\"\r\n                    data-duplicate=\"no\"\r\n                    data-required=\"yes\"\r\n                    data-type=\"text\" name=\"rue___num_ro\"\r\n                    placeholder=\"\"\r\n                    value=\"\"\r\n                    size=\"40\"\r\n                    data-style=\"wpuf-style\"\r\n                \/>\r\n\r\n                <span class=\"wpuf-wordlimit-message wpuf-help\"><\/span>\r\n                            <\/div>\r\n                    <\/li>\r\n                <li class=\"wpuf-el cp___localit_ field-size-large\" data-label=\"PN &amp; Stad \">\r\n                    <div class=\"wpuf-label\">\r\n            <label for=\"cp___localit__1451\">PN &amp; Stad  <span class=\"required\">*<\/span><\/label>\r\n        <\/div>\r\n        \r\n            <div class=\"wpuf-fields\">\r\n                <input\r\n                    class=\"textfield wpuf_cp___localit__1451\"\r\n                    id=\"cp___localit__1451\"\r\n                    type=\"text\"\r\n                    data-duplicate=\"no\"\r\n                    data-required=\"yes\"\r\n                    data-type=\"text\" name=\"cp___localit_\"\r\n                    placeholder=\"\"\r\n                    value=\"\"\r\n                    size=\"40\"\r\n                    data-style=\"wpuf-style\"\r\n                \/>\r\n\r\n                <span class=\"wpuf-wordlimit-message wpuf-help\"><\/span>\r\n                            <\/div>\r\n                    <\/li>\r\n                <li class=\"wpuf-el email field-size-large\" data-label=\"Email\">\r\n                    <div class=\"wpuf-label\">\r\n            <label for=\"email_1451\">Email <span class=\"required\">*<\/span><\/label>\r\n        <\/div>\r\n        \r\n            <div class=\"wpuf-fields\">\r\n                <input\r\n                    id=\"email_1451\"\r\n                    type=\"email\"\r\n                    class=\"email  wpuf_email_1451\"\r\n                    data-duplicate=\"\"\r\n                    data-required=\"yes\"\r\n                    data-type=\"email\"\r\n                    data-style=\"wpuf-style\"\r\n                    name=\"email\"\r\n                    placeholder=\"\"\r\n                    value=\"\"\r\n                    size=\"40\"\r\n                    autocomplete=\"email\"\r\n                \/>\r\n                        <span class=\"wpuf-help\">Merci de renseigner une adresse valide<\/span>\r\n                    <\/div>\r\n        <\/li>\r\n                <li class=\"wpuf-el t_l_phone field-size-large\" data-label=\"Tel.\/GSM\">\r\n                    <div class=\"wpuf-label\">\r\n            <label for=\"t_l_phone_1451\">Tel.\/GSM<\/label>\r\n        <\/div>\r\n        \r\n            <div class=\"wpuf-fields\">\r\n                <input\r\n                    class=\"textfield wpuf_t_l_phone_1451\"\r\n                    id=\"t_l_phone_1451\"\r\n                    type=\"text\"\r\n                    data-duplicate=\"no\"\r\n                    data-required=\"no\"\r\n                    data-type=\"text\" name=\"t_l_phone\"\r\n                    placeholder=\"\"\r\n                    value=\"\"\r\n                    size=\"40\"\r\n                    data-style=\"wpuf-style\"\r\n                \/>\r\n\r\n                <span class=\"wpuf-wordlimit-message wpuf-help\"><\/span>\r\n                            <\/div>\r\n                    <\/li>\r\n                <li class=\"wpuf-el aantal_maaltijden__28___ field-size-large\" data-label=\"Aantal maaltijden (28\u20ac )\">\r\n                    <div class=\"wpuf-label\">\r\n            <label for=\"aantal_maaltijden__28____1451\">Aantal maaltijden (28\u20ac ) <span class=\"required\">*<\/span><\/label>\r\n        <\/div>\r\n        \r\n            \r\n            <div class=\"wpuf-fields\">\r\n                <select\r\n                    multiple=\"multiple\"\r\n                    class=\"multiselect wpuf_aantal_maaltijden__28____1451\"\r\n                    id=\"aantal_maaltijden__28____1451\"\r\n                    name=\"aantal_maaltijden__28___[]\"\r\n                    mulitple=\"multiple\"\r\n                    data-required=\"yes\"\r\n                    data-type=\"multiselect\"\r\n                    data-style=\"wpuf-style\"\r\n                >\r\n\r\n                                            <option value=\"\">\u2014 Select \u2014<\/option>\r\n                    \r\n                                                <option value=\"1maaltijd\">1maaltijd<\/option>\r\n                                                        <option value=\"2_maaltijden\">2 maaltijden<\/option>\r\n                                                        <option value=\"3_maaltijden\">3 maaltijden<\/option>\r\n                                                        <option value=\"4_maaltijden\">4 maaltijden<\/option>\r\n                                                        <option value=\"5_maaltijden\">5 maaltijden<\/option>\r\n                                                        <option value=\"6_maaltijden\">6 maaltijden<\/option>\r\n                                                        <option value=\"7_maaltijden\">7 maaltijden<\/option>\r\n                                                        <option value=\"8_maaltijden\">8 maaltijden<\/option>\r\n                                                        <option value=\"9_maaltijden\">9 maaltijden<\/option>\r\n                                                        <option value=\"10_maaltijden\">10 maaltijden<\/option>\r\n                                            <\/select>\r\n                            <\/div>\r\n\r\n        <\/li>\r\n                <li class=\"wpuf-el je_r_serve_le_nombre_de_repas_sp_cifi__ci_dessus_et_je_verse_autant_de_fois_28__pour_la_r_servation_sur_le_compte_de_l_icaif__iban___be77_0015_7488_6542_bic___gebabebb_avec_la_mention_inscription_banquet_ field-size-large\" data-label=\"Je r\u00e9serve le nombre de repas sp\u00e9cifi\u00e9 ci-dessus et je verse autant de fois 28\u20ac pour la r\u00e9servation sur le compte de l&#039;ICAIF: IBAN : BE77 0015 7488 6542 BIC : GEBABEBB avec la mention INSCRIPTION BANQUET \">\r\n                    <div class=\"wpuf-label\">\r\n            <label for=\"je_r_serve_le_nombre_de_repas_sp_cifi__ci_dessus_et_je_verse_autant_de_fois_28__pour_la_r_servation_sur_le_compte_de_l_icaif__iban___be77_0015_7488_6542_bic___gebabebb_avec_la_mention_inscription_banquet__1451\">Je r\u00e9serve le nombre de repas sp\u00e9cifi\u00e9 ci-dessus et je verse autant de fois 28\u20ac pour la r\u00e9servation sur le compte de l&#039;ICAIF: IBAN : BE77 0015 7488 6542 BIC : GEBABEBB avec la mention INSCRIPTION BANQUET <\/label>\r\n        <\/div>\r\n        \r\n                        <div class=\"wpuf-fields\" data-required=\"no\" data-type=\"radio\" data-style=\"wpuf-style\">\r\n\r\n                \r\n                        <label class=\"wpuf-radio-block\">\r\n                            <input\r\n                                name=\"je_r_serve_le_nombre_de_repas_sp_cifi__ci_dessus_et_je_verse_autant_de_fois_28__pour_la_r_servation_sur_le_compte_de_l_icaif__iban___be77_0015_7488_6542_bic___gebabebb_avec_la_mention_inscription_banquet_\"\r\n                                class=\"wpuf_je_r_serve_le_nombre_de_repas_sp_cifi__ci_dessus_et_je_verse_autant_de_fois_28__pour_la_r_servation_sur_le_compte_de_l_icaif__iban___be77_0015_7488_6542_bic___gebabebb_avec_la_mention_inscription_banquet__1451\"\r\n                                type=\"radio\"\r\n                                value=\"oui\"                            \/>\r\n                            Oui                        <\/label>\r\n                        \r\n                        <label class=\"wpuf-radio-block\">\r\n                            <input\r\n                                name=\"je_r_serve_le_nombre_de_repas_sp_cifi__ci_dessus_et_je_verse_autant_de_fois_28__pour_la_r_servation_sur_le_compte_de_l_icaif__iban___be77_0015_7488_6542_bic___gebabebb_avec_la_mention_inscription_banquet_\"\r\n                                class=\"wpuf_je_r_serve_le_nombre_de_repas_sp_cifi__ci_dessus_et_je_verse_autant_de_fois_28__pour_la_r_servation_sur_le_compte_de_l_icaif__iban___be77_0015_7488_6542_bic___gebabebb_avec_la_mention_inscription_banquet__1451\"\r\n                                type=\"radio\"\r\n                                value=\"non\"                            \/>\r\n                            Non                        <\/label>\r\n                        \r\n                        <span class=\"wpuf-help\">Storten op ons bankrekeningnummer ICAIFu0003IBAN : BE77 0015 7488 6542 BIC : GEBABEBB met de mededeling : \u00abrepas Congr\u00e8s 2020\u00bb Inschrijvingen pas geldig na ontvangst van betaling. Bij annulering na 8\/11\/2020, geen restitutie verleend<\/span>\r\n        \r\n            <\/div>\r\n        <\/li>\r\n                <li class=\"wpuf-el opmerkingen field-size-large\" data-label=\"Opmerkingen\">\r\n                    <div class=\"wpuf-label\">\r\n            <label for=\"opmerkingen_1451\">Opmerkingen<\/label>\r\n        <\/div>\r\n                                    <div class=\"wpuf-fields\">\r\n            \r\n                                    <textarea\r\n                        class=\"textareafield  wpuf_opmerkingen_1451\"\r\n                        id=\"opmerkingen_1451\"\r\n                        name=\"opmerkingen\"\r\n                        data-required=\"no\"\r\n                        data-type=\"textarea\"\r\n                        placeholder=\"\"\r\n                        rows=\"5\"\r\n                        cols=\"25\"\r\n                        data-style=\"wpuf-style\"\r\n                    ><\/textarea>\r\n                    <span class=\"wpuf-wordlimit-message wpuf-help\"><\/span>\r\n\r\n                \r\n                        <span class=\"wpuf-help\">Vous d\u00e9sirez nous faire part de vos remarques \u00e9ventuelles ? Mais svp soyez bref.<\/span>\r\n                <\/div><\/li>\r\n                <li class=\"wpuf-submit\">\r\n            <div class=\"wpuf-label\">\r\n                &nbsp;\r\n            <\/div>\r\n\r\n            <input type=\"hidden\" id=\"_wpnonce\" name=\"_wpnonce\" value=\"be4781e596\" \/><input type=\"hidden\" name=\"_wp_http_referer\" value=\"\/index.php\/wp-json\/wp\/v2\/pages\/1461\" \/>\r\n            <input type=\"hidden\" name=\"form_id\" value=\"1451\">\r\n            <input type=\"hidden\" name=\"page_id\" value=\"1461\">\r\n            <input type=\"hidden\" name=\"action\" value=\"weforms_frontend_submit\">\r\n\r\n                            <input type=\"hidden\" name=\"weforms-front-report\" value=\"no\">\r\n            \r\n            \r\n                            <input type=\"submit\" class=\"weforms_submit_btn wpuf_submit_1451\" name=\"submit\" value=\"Submit Query\" \/>\r\n                    <\/li>\r\n                <\/ul>\r\n\r\n        <\/form>\r\n                <\/code><\/p>\n<p>&nbsp;<\/p>\n<div id=\"ConnectiveDocSignExtentionInstalled\" data-extension-version=\"1.0.4\"><\/div>\n","protected":false},"excerpt":{"rendered":"<p>Congres 2020\u00a0\u00a0\u00a0\u00a0Zondag \u00a015\/11\/2020 De Franstalige Federatie ICAIF en de Botia Club organiseren een lunch Banket Menu\u00a0 (28\u20ac) Aperitif Zakouskis Zalm terug eenzijdig, groenten Varkensfilet, Leffe saus, Seizoen groenten, gratin dauphinois Taart\u00a0\u00a0\u00a0\u00a0 Koffie Pour vous inscrire \u00e0 ce repas, veuillez compl\u00e9ter le formulaire ci-dessous (ou t\u00e9l\u00e9charger le document au format pdf<span class=\"more-link\"><a href=\"https:\/\/icaif.org\/index.php\/inscription-banquet-2020-nl\/\">En savoir +<\/a><\/span><\/p>\n","protected":false},"author":1,"featured_media":0,"parent":0,"menu_order":0,"comment_status":"closed","ping_status":"closed","template":"","meta":{"footnotes":""},"class_list":["entry","author-admin7729","post-1461","page","type-page","status-publish"],"_links":{"self":[{"href":"https:\/\/icaif.org\/index.php\/wp-json\/wp\/v2\/pages\/1461","targetHints":{"allow":["GET"]}}],"collection":[{"href":"https:\/\/icaif.org\/index.php\/wp-json\/wp\/v2\/pages"}],"about":[{"href":"https:\/\/icaif.org\/index.php\/wp-json\/wp\/v2\/types\/page"}],"author":[{"embeddable":true,"href":"https:\/\/icaif.org\/index.php\/wp-json\/wp\/v2\/users\/1"}],"replies":[{"embeddable":true,"href":"https:\/\/icaif.org\/index.php\/wp-json\/wp\/v2\/comments?post=1461"}],"version-history":[{"count":6,"href":"https:\/\/icaif.org\/index.php\/wp-json\/wp\/v2\/pages\/1461\/revisions"}],"predecessor-version":[{"id":1505,"href":"https:\/\/icaif.org\/index.php\/wp-json\/wp\/v2\/pages\/1461\/revisions\/1505"}],"wp:attachment":[{"href":"https:\/\/icaif.org\/index.php\/wp-json\/wp\/v2\/media?parent=1461"}],"curies":[{"name":"wp","href":"https:\/\/api.w.org\/{rel}","templated":true}]}}