{"id":126,"date":"2018-11-16T23:25:29","date_gmt":"2018-11-16T22:25:29","guid":{"rendered":"http:\/\/icaif.org\/?page_id=126"},"modified":"2018-11-16T23:25:29","modified_gmt":"2018-11-16T22:25:29","slug":"reglementation-des-bourses","status":"publish","type":"page","link":"https:\/\/icaif.org\/index.php\/ethique\/reglementation-des-bourses\/","title":{"rendered":"R\u00e8glementation des bourses"},"content":{"rendered":"<div class=\"inner\">\n<blockquote><p><strong>ICAIF \u2013R\u00e8glement des bourses aquariophiles et\/ou terrariophiles<\/strong><\/p><\/blockquote>\n<ol>\n<li><strong>Pr\u00e9ambule et d\u00e9finitions<\/strong><br \/>\nLe pr\u00e9sent r\u00e8glement concerne les bourses aquariophiles et\/ou terrariophiles.Le pr\u00e9sent r\u00e8glement concerne les bourses aquariophiles et\/ou terrariophiles.<br \/>\nCe r\u00e8glement s\u2019applique \u00e0 toute bourse organis\u00e9e par un club membre de l\u2019ICAIF.<br \/>\nBourse aquariophile et\/ou terrariophile : march\u00e9 d\u2019animaux, de plantes, de mat\u00e9riel neuf ou d\u2019occasion destin\u00e9s \u00e0 \u00eatre maintenus ou utilis\u00e9s en aquarium terrarium et\/ou bassin de jardin.<br \/>\nOrganisateur : personne physique ou morale qui organise la manifestation. L\u2019organisateur est responsable juridiquement de la salle (s\u00e9curit\u00e9) et des services mis \u00e0 disposition du public et des vendeurs.<br \/>\nPour organiser la bourse, l\u2019organisateur aura pris toutes les dispositions n\u00e9cessaires aupr\u00e8s des administrations comp\u00e9tentes (administration communale, pompiers, police, etc.). Il veillera \u00e0 utiliser un balisage conforme aux directives locales.<br \/>\nL\u2019organisateur v\u00e9rifie si les vendeurs sont en conformit\u00e9 avec le pr\u00e9sent r\u00e8glement. Il n\u2019est pas responsable des animaux vendus mais doit s\u2019assurer de leur \u00e9tat de sant\u00e9 et des conditions dans lesquelles ils sont maintenus \u00e0 la bourse. L\u2019organisateur contr\u00f4lera la mise en application du pr\u00e9sent r\u00e8glement.<br \/>\nVendeur : personne morale ou physique qui vend ou \u00e9change lors de la bourse. Le vendeur est responsable juridiquement des animaux, plantes, mat\u00e9riel vendus et respecte les lois en vigueur pour la d\u00e9tention et l\u2019\u00e9levage des animaux et plantes vendus, transcrites en droit national. Il a le devoir d\u2019informer l\u2019acheteur des besoins des animaux et plantes qu\u2019il vend, y compris en mati\u00e8re administrative.<br \/>\nLe vendeur peut \u00eatre :<br \/>\n&#8211;\u00a0\u00a0\u00a0\u00a0\u00a0\u00a0\u00a0\u00a0\u00a0 une asbl<br \/>\n&#8211;\u00a0\u00a0\u00a0\u00a0\u00a0\u00a0\u00a0\u00a0\u00a0 un \u00e9leveur amateur particulier ne poursuivant pas de but lucratif<br \/>\n&#8211;\u00a0\u00a0\u00a0\u00a0\u00a0\u00a0\u00a0\u00a0\u00a0 un \u00e9leveur ou un vendeur professionnel<br \/>\nAcheteur : personne physique ou morale qui ach\u00e8te \u00e0 la bourse. L\u2019acheteur se renseignera obligatoirement sur les besoins de l\u2019animal et\/ou plante qu\u2019il ach\u00e8te aupr\u00e8s du vendeur. Apr\u00e8s leur achat, l\u2019acheteur veillera \u00e0 traiter les animaux acquis de mani\u00e8re optimale, notamment sur les lieux de la bourse.<\/li>\n<li><strong>Dispositions sanitaires<br \/>\n<\/strong>A l\u2019arriv\u00e9e sur le lieu de la bourse, le vendeur contr\u00f4lera les diff\u00e9rents param\u00e8tres relatifs aux animaux qu\u2019il proposera \u00e0 la vente et\/ou \u00e0 l\u2019\u00e9change, notamment la temp\u00e9rature et les qualit\u00e9s de l\u2019eau. Il proc\u00e8dera \u00e0 une acclimatation ad\u00e9quate de ses animaux \u00e0 l\u2019endroit de vente, notamment en mati\u00e8re d\u2019eau pour les animaux aquatiques.En cas de vente en sacs, la temp\u00e9rature de l\u2019eau doit \u00eatre maintenue correcte pendant tout le temps de la manifestation.Le vendeur \u00e9vacue ses d\u00e9chets et laisse l\u2019emplacement propre et dans un \u00e9tat correct. Il n\u2019emportera pas le mat\u00e9riel mis \u00e0 sa disposition, ni les verres \u00e0 boisson utilis\u00e9s durant le d\u00e9roulement de la bourse.<\/li>\n<li><strong>L\u2019organisateur<\/strong><br \/>\nL\u2019organisateur est responsable juridiquement de la s\u00e9curit\u00e9 pour les \u00e9l\u00e9ments amen\u00e9s par ses soins. L\u2019organisateur des lieux est responsable de l\u2019\u00e9tat et de la conformit\u00e9 de sa location. Il est aussi juridiquement responsable des services qu\u2019il propose (restauration, bar, etc.).<br \/>\n<em>L\u2019organisateur, dans la mesure des possibilit\u00e9s sur place, assurera le chauffage de la salle \u00e0 \u00b1 21\u00b0c.<br \/>\n<\/em>L\u2019organisateur n\u2019est pas responsable des actes du vendeur (non respect des lois, non respect des animaux, renseignements erron\u00e9s, etc.)<br \/>\nLa r\u00e9mun\u00e9ration \u00e9ventuelle de l\u2019organisateur se fera au m\u00e8tre de table ou \u00e0 la table.<\/li>\n<li><strong>Le vendeur<\/strong><br \/>\nLe vendeur est responsable de l\u2019\u00e9tat et de la conformit\u00e9 du mat\u00e9riel qu\u2019il am\u00e8ne et de la sant\u00e9 et de l\u2019\u00e9tat des animaux, plantes, mat\u00e9riel qu\u2019il propose \u00e0 la vente.<br \/>\nLe vendeur am\u00e8nera tout le mat\u00e9riel n\u00e9cessaire (aquariums, terrariums, chauffages, \u00e9clairages, eau ad hoc, etc.) au maintien de son stand y compris au respect du bien-\u00eatre des animaux mis \u00e0 la vente.<br \/>\nSi l\u2019organisateur remarque un manquement important de la part du vendeur au niveau du bien-\u00eatre animal et n\u2019obtient pas de rectification apr\u00e8s avoir signal\u00e9 le probl\u00e8me, il pourra exclure le vendeur sur le champ.<\/li>\n<li><strong>Obligations du vendeur<\/strong><br \/>\nEn remplissant sa feuille d\u2019inscription, le vendeur s\u2019engage \u00e0 :<br \/>\n&#8211;\u00a0\u00catre administrativement en r\u00e8gle;<br \/>\n&#8211;\u00a0R\u00e9gler le montant \u00e0 la r\u00e9servation de l\u2019emplacement ou selon les conditions de l\u2019organisateur;<br \/>\n&#8211;\u00a0Pr\u00e9senter des animaux form\u00e9s, exempts de maladies apparentes, au minimum subadultes;<br \/>\n&#8211; Exclure les animaux de s\u00e9lection handicap\u00e9s (poissons raccourcis ou ballon par exemple, reptiles sans \u00e9cailles, etc.), color\u00e9s artificiellement (par exemple chandas color\u00e9s, t\u00e9tras noirs color\u00e9s, etc.), manipul\u00e9s g\u00e9n\u00e9tiquement (danios fluorescents par exemple), modifi\u00e9s artificiellement(poissons tatou\u00e9s,poissons aux nageoires rogn\u00e9es artificiellement, etc.);<br \/>\n&#8211; Pr\u00e9senter des plantes en bon \u00e9tat phytosanitaire;<br \/>\n&#8211; \u00catre en possession des documents CITES si l\u2019animal le n\u00e9cessite;<br \/>\n&#8211; Remplir et apposer l\u2019affichette par esp\u00e8ce vendue sur l\u2019aquarium ou sur les sacs\/bo\u00eetes<br \/>\n&#8211; Conditionner correctement les animaux (nombre, type de contenant, adjuvants ou tout autre \u00e9l\u00e9ment n\u00e9cessaire au bien-\u00eatre de l\u2019animal, etc.);<br \/>\n&#8211; Rembourser le jour de la bourse l\u2019organisateur pour tout d\u00e9g\u00e2t caus\u00e9 par lui-m\u00eame ou un de ses accompagnants;<br \/>\n&#8211; Informer correctement les acheteurs des conditions de maintenance des animaux qu\u2019il leur vend.<br \/>\n&#8211; Assurer lui-m\u00eame la gestion de ses ventes et\/ou \u00e9changes<br \/>\n&#8211; Respecter et obtemp\u00e9rer \u00e0 toute injonction de l\u2019organisateur;<br \/>\n&#8211; Respecter le pr\u00e9sent r\u00e8glement.<\/li>\n<\/ol>\n<blockquote><p><strong>En cas de non-respect des directives reprises dans le pr\u00e9sent r\u00e8glement, l\u2019organisateur peut demander \u00e0 l\u2019ICAIF d\u2019exclure les contrevenants de toute participation aux bourses organis\u00e9es en son sein, cela de mani\u00e8re provisoire ou d\u00e9finitive.<\/strong><\/p><\/blockquote>\n<\/div>\n","protected":false},"excerpt":{"rendered":"<p>ICAIF \u2013R\u00e8glement des bourses aquariophiles et\/ou terrariophiles Pr\u00e9ambule et d\u00e9finitions Le pr\u00e9sent r\u00e8glement concerne les bourses aquariophiles et\/ou terrariophiles.Le pr\u00e9sent r\u00e8glement concerne les bourses aquariophiles et\/ou terrariophiles. Ce r\u00e8glement s\u2019applique \u00e0 toute bourse organis\u00e9e par un club membre de l\u2019ICAIF. Bourse aquariophile et\/ou terrariophile : march\u00e9 d\u2019animaux, de plantes, de<span class=\"more-link\"><a href=\"https:\/\/icaif.org\/index.php\/ethique\/reglementation-des-bourses\/\">En savoir +<\/a><\/span><\/p>\n","protected":false},"author":1,"featured_media":0,"parent":117,"menu_order":2,"comment_status":"closed","ping_status":"closed","template":"","meta":{"footnotes":""},"class_list":["entry","author-admin7729","post-126","page","type-page","status-publish"],"_links":{"self":[{"href":"https:\/\/icaif.org\/index.php\/wp-json\/wp\/v2\/pages\/126","targetHints":{"allow":["GET"]}}],"collection":[{"href":"https:\/\/icaif.org\/index.php\/wp-json\/wp\/v2\/pages"}],"about":[{"href":"https:\/\/icaif.org\/index.php\/wp-json\/wp\/v2\/types\/page"}],"author":[{"embeddable":true,"href":"https:\/\/icaif.org\/index.php\/wp-json\/wp\/v2\/users\/1"}],"replies":[{"embeddable":true,"href":"https:\/\/icaif.org\/index.php\/wp-json\/wp\/v2\/comments?post=126"}],"version-history":[{"count":1,"href":"https:\/\/icaif.org\/index.php\/wp-json\/wp\/v2\/pages\/126\/revisions"}],"predecessor-version":[{"id":127,"href":"https:\/\/icaif.org\/index.php\/wp-json\/wp\/v2\/pages\/126\/revisions\/127"}],"up":[{"embeddable":true,"href":"https:\/\/icaif.org\/index.php\/wp-json\/wp\/v2\/pages\/117"}],"wp:attachment":[{"href":"https:\/\/icaif.org\/index.php\/wp-json\/wp\/v2\/media?parent=126"}],"curies":[{"name":"wp","href":"https:\/\/api.w.org\/{rel}","templated":true}]}}