{"id":117,"date":"2018-11-16T23:13:51","date_gmt":"2018-11-16T22:13:51","guid":{"rendered":"http:\/\/icaif.org\/?page_id=117"},"modified":"2018-11-21T17:41:33","modified_gmt":"2018-11-21T16:41:33","slug":"ethique","status":"publish","type":"page","link":"https:\/\/icaif.org\/index.php\/ethique\/","title":{"rendered":"Ethique"},"content":{"rendered":"<blockquote><p><strong>CHARTE DE L&rsquo;AQUARIOPHILE MEMBRE DE L&rsquo;I.C.A.I.F.<\/strong><\/p><\/blockquote>\n<p>L&rsquo;aquariophile membre de l&rsquo;I.C.A.I.F. s&rsquo;attache en permanence \u00e0 respecter et \u00e0 faire respecter le bien-\u00eatre des esp\u00e8ces d\u00e9tenues en aquariums.Le bien-\u00eatre des esp\u00e8ces d\u00e9tenues en aquariums est compris et admis par le membre de l&rsquo;I.C.A.I.F. comme s&rsquo;articulant autour des cinq principes fondamentaux suivants\u00a0:<\/p>\n<ul>\n<li>Absence de douleur, de l\u00e9sion ou de maladie<\/li>\n<li>Absence de stress climatique ou physique<\/li>\n<li>Absence de faim ou de signes de malnutrition<\/li>\n<li>Absence de peur et de d\u00e9tresse<\/li>\n<li>Possibilit\u00e9 d&rsquo;exprimer des comportements normaux, propres \u00e0 chaque esp\u00e8ce<\/li>\n<\/ul>\n<p>Pour s&rsquo;efforcer d&rsquo;atteindre cet objectif, le membre de l&rsquo;ICA.I.F. s&rsquo;identifie avant tout comme une personne responsable qui maintient, observe, \u00e9l\u00e8ve ou reproduit des esp\u00e8ces de la faune et de la flore aquatiques en aquariums en apportant aux \u00eatres vivants qu&rsquo;il d\u00e9tient des conditions de vie optimales.<br \/>\nIl s&rsquo;engage ainsi \u00e0 observer les r\u00e8gles suivantes\u00a0:<\/p>\n<ul>\n<li>Respecter les normes de base d&rsquo;installation et de maintenance d&rsquo;un aquarium en se montrant attentif \u00e0 la qualit\u00e9 de l&rsquo;eau, du chauffage, de la filtration, des d\u00e9corations et plantations ou au volume disponible avant l&rsquo;introduction des premi\u00e8res esp\u00e8ces animales \u00e0 l&rsquo;issue du cycle de l&rsquo;azote.<\/li>\n<li>Conserver les esp\u00e8ces d\u00e9tenues dans les conditions les plus proches de celles de leur milieu naturel en assurant leurs besoins physiologiques, biologiques, environnementaux et \u00e9thologiques.<\/li>\n<li>Se conformer en tout temps \u00e0 la l\u00e9gislation et \u00e0 la r\u00e9glementation, y compris les directives internationales et europ\u00e9ennes transpos\u00e9es en droit national, en \u00e9volution constante.<\/li>\n<li>Ne jamais rel\u00e2cher dans la nature des esp\u00e8ces animales ou v\u00e9g\u00e9tales susceptibles de s&rsquo;acclimater dans les eaux locales.<\/li>\n<li>Dans la mesure de ses moyens, notamment en les d\u00e9non\u00e7ant \u00e0 l&rsquo;association, faire obstacle \u00e0 l&rsquo;acquisition, \u00e0 l&rsquo;\u00e9levage, \u00e0 l&rsquo;exposition et \u00e0 la diffusion des esp\u00e8ces modifi\u00e9es de la faune et de la flore (hybridations, manipulations g\u00e9n\u00e9tiques, colorations chimiques, etc.) qui doivent \u00eatre non seulement proscrites mais combattues par l&rsquo;aquariophile responsable.<\/li>\n<li>Favoriser la reproduction en captivit\u00e9 afin de limiter les pr\u00e9l\u00e8vements dans les milieux naturels.<\/li>\n<\/ul>\n<p>La reproduction s\u00e9lective n&rsquo;est toutefois envisageable que si elle ne vise en aucun cas \u00e0 cr\u00e9er des modifications morphologiques, de comportement ou de locomotion handicapant les individus qui en sont issus.<\/p>\n","protected":false},"excerpt":{"rendered":"<p>CHARTE DE L&rsquo;AQUARIOPHILE MEMBRE DE L&rsquo;I.C.A.I.F. L&rsquo;aquariophile membre de l&rsquo;I.C.A.I.F. s&rsquo;attache en permanence \u00e0 respecter et \u00e0 faire respecter le bien-\u00eatre des esp\u00e8ces d\u00e9tenues en aquariums.Le bien-\u00eatre des esp\u00e8ces d\u00e9tenues en aquariums est compris et admis par le membre de l&rsquo;I.C.A.I.F. comme s&rsquo;articulant autour des cinq principes fondamentaux suivants\u00a0: Absence<span class=\"more-link\"><a href=\"https:\/\/icaif.org\/index.php\/ethique\/\">En savoir +<\/a><\/span><\/p>\n","protected":false},"author":1,"featured_media":0,"parent":0,"menu_order":0,"comment_status":"closed","ping_status":"closed","template":"","meta":{"footnotes":""},"class_list":["entry","author-admin7729","post-117","page","type-page","status-publish"],"_links":{"self":[{"href":"https:\/\/icaif.org\/index.php\/wp-json\/wp\/v2\/pages\/117","targetHints":{"allow":["GET"]}}],"collection":[{"href":"https:\/\/icaif.org\/index.php\/wp-json\/wp\/v2\/pages"}],"about":[{"href":"https:\/\/icaif.org\/index.php\/wp-json\/wp\/v2\/types\/page"}],"author":[{"embeddable":true,"href":"https:\/\/icaif.org\/index.php\/wp-json\/wp\/v2\/users\/1"}],"replies":[{"embeddable":true,"href":"https:\/\/icaif.org\/index.php\/wp-json\/wp\/v2\/comments?post=117"}],"version-history":[{"count":2,"href":"https:\/\/icaif.org\/index.php\/wp-json\/wp\/v2\/pages\/117\/revisions"}],"predecessor-version":[{"id":318,"href":"https:\/\/icaif.org\/index.php\/wp-json\/wp\/v2\/pages\/117\/revisions\/318"}],"wp:attachment":[{"href":"https:\/\/icaif.org\/index.php\/wp-json\/wp\/v2\/media?parent=117"}],"curies":[{"name":"wp","href":"https:\/\/api.w.org\/{rel}","templated":true}]}}